{"id":46,"date":"2020-09-11T03:47:08","date_gmt":"2020-09-11T03:47:08","guid":{"rendered":"http:\/\/caldasarauca.edu.co\/?page_id=46"},"modified":"2020-09-18T10:32:36","modified_gmt":"2020-09-18T10:32:36","slug":"sobre-nosotros","status":"publish","type":"page","link":"https:\/\/caldasarauca.edu.co\/index.php\/sobre-nosotros\/","title":{"rendered":"Nosotros"},"content":{"rendered":"<p>[et_pb_section fb_built=\u00bb1&#8243; _builder_version=\u00bb4.6.2&#8243; _module_preset=\u00bbdefault\u00bb][et_pb_row _builder_version=\u00bb4.6.2&#8243; max_width=\u00bb1280px\u00bb hover_enabled=\u00bb0&#8243; use_custom_width=\u00bbon\u00bb custom_width_px=\u00bb1280px\u00bb sticky_enabled=\u00bb0&#8243;][et_pb_column type=\u00bb4_4&#8243; _builder_version=\u00bb3.25&#8243; custom_padding=\u00bb|||\u00bb custom_padding__hover=\u00bb|||\u00bb][et_pb_text _builder_version=\u00bb3.27.4&#8243; text_font=\u00bb||||||||\u00bb text_font_size=\u00bb18px\u00bb text_line_height=\u00bb2em\u00bb header_font=\u00bbEB Garamond||||||||\u00bb header_font_size=\u00bb60px\u00bb header_line_height=\u00bb1.3em\u00bb max_width=\u00bb1230px\u00bb hover_enabled=\u00bb0&#8243; text_font_size_tablet=\u00bb\u00bb text_font_size_phone=\u00bb15px\u00bb text_font_size_last_edited=\u00bbon|phone\u00bb text_line_height_tablet=\u00bb\u00bb text_line_height_phone=\u00bb1.6em\u00bb text_line_height_last_edited=\u00bbon|phone\u00bb header_font_size_tablet=\u00bb50px\u00bb header_font_size_phone=\u00bb32px\u00bb header_font_size_last_edited=\u00bbon|phone\u00bb sticky_enabled=\u00bb0&#8243;]<\/p>\n<h1>Nuestra Historia<\/h1>\n<p>&nbsp;<\/p>\n<p style=\"text-align: justify;\">El 2 de abril de 1974 mediante Decreto Intendencial n\u00famero 169 se cre\u00f3 el colegio cuya raz\u00f3n social se denomin\u00f3:\u201d SERVICIO DE BACHILLERATO NOCTURNO PARA ADULTOS\u201d. Inicia labores en las instalaciones\u00a0 de la Normal Mar\u00eda Inmaculada y a mediados de este mismo a\u00f1o se traslada al colegio General Santander primaria hasta octubre de 1997.<\/p>\n<p style=\"text-align: justify;\">El primer rector del colegio fue el Licenciado LU\u00cdS VILLAMIZAR, quien estuvo al frente del mismo propia desde su\u00a0 fundaci\u00f3n\u00a0 hasta mediados de a\u00f1o 1976, cuando es reemplazado por el Licenciado EFRA\u00cdN URIBE MOYA, a partir del 1o. de junio de 1992. Desde esta fecha hasta la presente en los momentos de ausencia temporal del rector titular, su reemplazo siempre lo ha estado el licenciado EDGAR GONZ\u00c1LEZ MILLER.<br \/>Es\u00a0 de resaltar que instituci\u00f3n naci\u00f3 gracias a la iniciativa de sor JOSEFINA B\u00c1RCENAS Y LUIS E. VILLAMIZAR a quienes se les ha considerado sus fundadores, al apoyo del profesor LUIS AN\u00cdBAL SORIANO JIM\u00c9NEZ a \u00c1NGEL RUIZ CORREA\u00a0 Y JOAQU\u00cdN A. ZAPATA, Intendente y Secretario de Educaci\u00f3n respectivamente.<\/p>\n<p style=\"text-align: justify;\">En\u00a0 1977 el colegio ofrece la primera promoci\u00f3n de bachilleres nocturnos, cuyos egresados fueron: NIDIA ESTELA CEPEDA CASTRO, RUB\u00c9N DAR\u00cdO D\u00cdAZ\u00a0 ORTIZ, ANA BEATRIZ GALINDO TORRES, JES\u00daS MAR\u00cdA GONZ\u00c1LEZ QUINTERO, RAFAEL \u00c1NGEL LEZCANO L\u00d3PEZ (mejor bachiller), y CARMEN AID\u00c9 TORRES NIEVES.<\/p>\n<p style=\"text-align: justify;\">En su trayectoria\u00a0 (26 a\u00f1os), como Instituci\u00f3n Educativa el colegio ha dejado dos legados de trascendencia hist\u00f3rica en el municipio: el\u00a0 parque\u00a0 FRANCISCO JOS\u00c9 DE CALDAS (Patrono C\u00edvico del Plantel)\u00a0 y la Institucionalizaci\u00f3n del\u00a0 Festival Art\u00edstico Cultural \u00abLUCI\u00c9RNAGA\u00bb. En 1989 se inicia la construcci\u00f3n de su planta f\u00edsica propia\u00a0 y ocho a\u00f1os despu\u00e9s a\u00a0 mediados de octubre de 1997 se efectu\u00f3 el traslado\u00a0 a las nuevas instalaciones. A partir de 1996 el colegio opt\u00f3 por incluir dentro de su plan de estudios el \u00e1rea optativa de Nutrici\u00f3n y Salud. En el a\u00f1o\u00a0 1.998, la Instituci\u00f3n opta por establecer la modalidad del Bachillerato Semestralizado a trav\u00e9s del Proyecto UNA PROPUESTA DE CAMBIO PARA EL TERCER MILENIO BACHILLERATO PARA ADULTOS SEMESTRALIZADO PRESENCIAL NOCTURNO.<\/p>\n<p style=\"text-align: justify;\">Entre los m\u00faltiples eventos realizados por los educandos y docentes, suele resaltarse el nombre del Licenciado\u00a0 LU\u00cdS VILLAMIZAR como autor del dise\u00f1o de la bandera del colegio; en 1990 el de IV\u00c1N\u00a0 DAR\u00cdO MORENO ESCOBAR, autor del dise\u00f1o del escudo del colegio.\u00a0 En 1992 el de MART\u00cdN EMILIO JIM\u00c9NEZ autor de la letra del Himno del Colegio y en 1999 el del Normalista \u00c1NGEL ALFONSO RIVERA B., autor de la m\u00fasica del himno del colegio. \u00a0\u00a0\u00a0 \u00a0<\/p>\n<p style=\"text-align: justify;\">En el 2001 el colegio asume el reto de la implementaci\u00f3n del proyecto educativo \u201cInvestigaci\u00f3n Pedag\u00f3gica para el aprendizaje de las ciencias,\u201d IPAC, conformado\u00a0 por los educandos de los grados 10 y posteriormente el grado 11 de las instituciones educativas:\u00a0 Sim\u00f3n Bol\u00edvar, Rogelio Guaqueta Gallardo, Gustavo Villa D\u00edaz, General Santander y Francisco Jos\u00e9 de Caldas, avalado por COLCIENCIAS y asesorado por la Universidad Nacional\u00a0 de Colombia, de cuyo experiencia pedag\u00f3gica se pudo extraer dos grades libros \u201cArcilla para Reinventar la Escuela\u201d\u00a0\u00a0 y\u00a0 \u201cDid\u00e1ctica para la transformaci\u00f3n de la vida Escolar\u201d.<\/p>\n<p style=\"text-align: justify;\">Para el 2002, se crea la Jornada semi presencial\u00a0 Sabatina e inicia su funcionamiento, en este mismo a\u00f1o debido a la reestructuraci\u00f3n del sistema educativo colombiano,\u00a0 el Colegio se convierte en LA UNIDAD EDUCATIVA T\u00c9CNICO FRANCISCO JOS\u00c9 DE CALDAS, al lado de las sedes de primaria Oscar Mogoll\u00f3n Jaimes, Camilo Torres, Juan Francisco Lara, Fundadores, Lu\u00eds Carlos Gal\u00e1n, Santa Fe y posteriormente Jos\u00e9 Mar\u00eda C\u00f3rdoba y Juan Isidro Dabo\u00edn \u2013 Costa Hermosa.<\/p>\n<p style=\"text-align: justify;\">Los directores (as) de las sedes de preescolar-primaria pasan a ser Coordinadores: Sede Oscar Mogoll\u00f3n Jaimes \u2013 Maritza Pinz\u00f3n Guill\u00e9n. Sede Camilo Torres \u2013 Elizabeth Padilla Toledo. Sede Santa Fe \u2013 Regulo Mar\u00eda Ni\u00f1o Arenas (q.e.p.d.). Sedes Fundadores \u2013 Estrella Carvajal (q.e.p.d.), cuyo remplazo fue asignado al Licenciado Rub\u00e9n Dar\u00edo D\u00edaz,\u00a0 Lu\u00eds Carlos Gal\u00e1n &#8211; Aldemar D\u00edaz Bello,\u00a0 Sedes Juan Isidro Dabo\u00edn \u2013 Costa Hermosa \u2013 Carlos Eduardo Pinilla Ruiz, Sede Jos\u00e9 Mar\u00eda C\u00f3rdoba \u2013 Emelina Fern\u00e1ndez de S\u00e1ez, Sede Juan Francisco Lara\u00a0 Jes\u00fas Hernando Garrido Bosc\u00e1n y\u00a0\u00a0\u00a0 Sede Central \u2013 Edgar Gonz\u00e1lez\u00a0 Miller.<\/p>\n<p style=\"text-align: justify;\">La Unidad Educativa toma el car\u00e1cter de Diurno y se termina el\u00a0 de nocturno, solo persiste el programa Semipresencial o sabatino. Para el 2007 se inicia el proceso\u00a0 fundamentado en el Enfoque Hol\u00edstico Sist\u00e9mico por Procesos. Luego en el a\u00f1o 2010 ingresa por los procesos de meritocrac\u00eda\u00a0 a tomar posesi\u00f3n como rector\u00a0 el Ingeniero Jorge Esgardo Contreras Mart\u00ednez quien potencia a\u00fan m\u00e1s la proyecci\u00f3n social de la Instituci\u00f3n y consolida un\u00a0 nuevo programa educativo Grupos Juveniles Creativos para la poblaci\u00f3n vulnerable de 15 a 24 a\u00f1os, a su vez consolida el \u00e9nfasis mediante los convenios con entidades como la ESE JAIME ALVARADO Y CASTILLA y el HOSPITAL SAN VICENTE, donde los educandos realizan sus pr\u00e1cticas y consolidan en la praxis sus saberes.<\/p>\n<p style=\"text-align: justify;\">Durante el mismo a\u00f1o la Instituci\u00f3n cont\u00f3 con cambios en la planta de directivos docentes, en este caso la Licenciada Elizabeth Padilla Toledo quien lideraba la coordinaci\u00f3n de la Sede Camilo Torres quien durante 20 a\u00f1os realiz\u00f3 incontables proyectos acad\u00e9micos y culturales donde se pueden destacar \u00e9xitos como la creaci\u00f3n del mejor PEI del departamento de Arauca, fundadora del Festival Ni\u00f1a Alma Llanera a quien le debemos las Reinas del Folclor Internacional y luchar porque esta Sede contara con un espacio e infraestructura digna, el cual se aspira que se cuente con ello para el 2014, ahora\u00a0 goza del buen retiro y asume la nueva direcci\u00f3n de la sede la Docente Blanca Leonor Mart\u00edn.<\/p>\n<p style=\"text-align: justify;\">En el 2011 se celebran las bodas de plata del Festival luci\u00e9rnaga y gracias a la labor y\u00a0 gesti\u00f3n realizadas durante el 2010 con el Ministerio de la Cultura el proyecto entra en el Programa de Concertaci\u00f3n Cultural y de esta forma es un \u00e9xito esta versi\u00f3n deleitando a m\u00e1s de 20.000 espectadores en comparsas y coliseo. Durante este mismo a\u00f1o debido a la creaci\u00f3n nuevos FOSES, la Gobernaci\u00f3n Departamental modifica las razones sociales de las Unidades y retoma los nombres de Instituciones Educativas omitiendo el T\u00e9cnico y Unidad. Para este a\u00f1o debido a situaciones de movimiento de personal directivo docente en el municipio de Arauca, el Licenciado Hernando Garrido Bosc\u00e1n se traslada de la Instituci\u00f3n Educativa dejando un gran legado de trabajo y sacrificio en las sedes donde se cont\u00f3 con su labor\u00a0 y llega a integrar el equipo de trabajo directivo la Licenciada Ana Judith Agudelo quien liderar\u00e1 las Sedes Jos\u00e9 Mar\u00eda C\u00f3rdoba y Santa Fe.<\/p>\n<p>[\/et_pb_text][\/et_pb_column][\/et_pb_row][\/et_pb_section]<\/p>\n","protected":false},"excerpt":{"rendered":"<p>Nuestra Historia &nbsp; El 2 de abril de 1974 mediante Decreto Intendencial n\u00famero 169 se cre\u00f3 el colegio cuya raz\u00f3n social se denomin\u00f3:\u201d SERVICIO DE BACHILLERATO NOCTURNO PARA ADULTOS\u201d. Inicia labores en las instalaciones\u00a0 de la Normal Mar\u00eda Inmaculada y a mediados de este mismo a\u00f1o se traslada al colegio General Santander primaria hasta octubre [&hellip;]<\/p>\n","protected":false},"author":1,"featured_media":0,"parent":0,"menu_order":0,"comment_status":"closed","ping_status":"closed","template":"","meta":{"_et_pb_use_builder":"on","_et_pb_old_content":"<!-- wp:divi\/placeholder \/-->","_et_gb_content_width":"","footnotes":""},"class_list":["post-46","page","type-page","status-publish","hentry"],"_links":{"self":[{"href":"https:\/\/caldasarauca.edu.co\/index.php\/wp-json\/wp\/v2\/pages\/46","targetHints":{"allow":["GET"]}}],"collection":[{"href":"https:\/\/caldasarauca.edu.co\/index.php\/wp-json\/wp\/v2\/pages"}],"about":[{"href":"https:\/\/caldasarauca.edu.co\/index.php\/wp-json\/wp\/v2\/types\/page"}],"author":[{"embeddable":true,"href":"https:\/\/caldasarauca.edu.co\/index.php\/wp-json\/wp\/v2\/users\/1"}],"replies":[{"embeddable":true,"href":"https:\/\/caldasarauca.edu.co\/index.php\/wp-json\/wp\/v2\/comments?post=46"}],"version-history":[{"count":5,"href":"https:\/\/caldasarauca.edu.co\/index.php\/wp-json\/wp\/v2\/pages\/46\/revisions"}],"predecessor-version":[{"id":218,"href":"https:\/\/caldasarauca.edu.co\/index.php\/wp-json\/wp\/v2\/pages\/46\/revisions\/218"}],"wp:attachment":[{"href":"https:\/\/caldasarauca.edu.co\/index.php\/wp-json\/wp\/v2\/media?parent=46"}],"curies":[{"name":"wp","href":"https:\/\/api.w.org\/{rel}","templated":true}]}}