{"id":182,"date":"2020-09-18T09:57:41","date_gmt":"2020-09-18T09:57:41","guid":{"rendered":"http:\/\/caldasarauca.edu.co\/?page_id=182"},"modified":"2024-06-27T01:30:11","modified_gmt":"2024-06-27T01:30:11","slug":"servicios","status":"publish","type":"page","link":"https:\/\/caldasarauca.edu.co\/index.php\/servicios\/","title":{"rendered":"Gestiones"},"content":{"rendered":"<p>[et_pb_section fb_built=\u00bb1&#8243; _builder_version=\u00bb4.7.0&#8243; _module_preset=\u00bbdefault\u00bb background_enable_color=\u00bboff\u00bb background_enable_image=\u00bboff\u00bb custom_padding=\u00bb68px||85px|||\u00bb top_divider_style=\u00bbwaves2&#8243; top_divider_color=\u00bb#88c4dd\u00bb bottom_divider_style=\u00bbwave2&#8243; bottom_divider_color=\u00bb#171717&#8243; collapsed=\u00bboff\u00bb][et_pb_row _builder_version=\u00bb4.7.0&#8243; _module_preset=\u00bbdefault\u00bb custom_padding=\u00bb17px||12px|||\u00bb][et_pb_column type=\u00bb4_4&#8243; _builder_version=\u00bb4.7.0&#8243; _module_preset=\u00bbdefault\u00bb][et_pb_text _builder_version=\u00bb4.7.0&#8243; text_font=\u00bbEB Garamond|500|||||||\u00bb text_text_color=\u00bb#0c71c3&#8243; text_font_size=\u00bb100px\u00bb text_line_height=\u00bb0em\u00bb header_text_color=\u00bb#0c71c3&#8243; header_2_font=\u00bbEB Garamond||||||||\u00bb header_2_text_color=\u00bb#000000&#8243; header_2_font_size=\u00bb50px\u00bb header_2_line_height=\u00bb1.3em\u00bb text_orientation=\u00bbcenter\u00bb min_height=\u00bb36px\u00bb custom_margin=\u00bb16px||1px|||\u00bb custom_padding=\u00bb6px||4px|||\u00bb text_font_size_tablet=\u00bb50px\u00bb text_font_size_phone=\u00bb30px\u00bb text_font_size_last_edited=\u00bbon|desktop\u00bb header_2_font_size_tablet=\u00bb40px\u00bb header_2_font_size_phone=\u00bb30px\u00bb header_2_font_size_last_edited=\u00bbon|phone\u00bb]<\/p>\n<p><span style=\"font-size: 40px; font-weight: 500;\">Gesti\u00f3n Directiva<\/span><\/p>\n<p>[\/et_pb_text][\/et_pb_column][\/et_pb_row][et_pb_row column_structure=\u00bb1_3,1_3,1_3&#8243; use_custom_gutter=\u00bbon\u00bb _builder_version=\u00bb4.7.0&#8243; _module_preset=\u00bbdefault\u00bb width=\u00bb100%\u00bb module_alignment=\u00bbcenter\u00bb custom_margin=\u00bb-3px|auto||auto||\u00bb custom_padding=\u00bb8px||7px|||\u00bb animation_style=\u00bbflip\u00bb][et_pb_column type=\u00bb1_3&#8243; _builder_version=\u00bb4.7.0&#8243; _module_preset=\u00bbdefault\u00bb][et_pb_button button_url=\u00bbhttps:\/\/drive.google.com\/drive\/folders\/1SWbeLFRzpbYoqIDg76FQe5YSZmddaUqI?usp=sharing\u00bb button_text=\u00bbCultura institucional\u00bb button_alignment=\u00bbcenter\u00bb _builder_version=\u00bb4.7.0&#8243; _module_preset=\u00bbdefault\u00bb custom_button=\u00bbon\u00bb button_text_size=\u00bb13px\u00bb button_text_color=\u00bb#000000&#8243; button_bg_color=\u00bb#aaf0ff\u00bb button_border_width=\u00bb0px\u00bb button_border_color=\u00bbrgba(0,0,0,0)\u00bb button_border_radius=\u00bb14px\u00bb button_use_icon=\u00bboff\u00bb animation_style=\u00bbbounce\u00bb][\/et_pb_button][et_pb_button button_url=\u00bbhttps:\/\/drive.google.com\/drive\/folders\/1ujAMdQv7wUyKlc93jKccdHWL_H_zeSno?usp=sharing\u00bb button_text=\u00bbDireccionamiento estrat\u00e9gico y horizonte institucional\u00bb button_alignment=\u00bbcenter\u00bb _builder_version=\u00bb4.7.0&#8243; _module_preset=\u00bbdefault\u00bb custom_button=\u00bbon\u00bb button_text_size=\u00bb13px\u00bb button_text_color=\u00bb#000000&#8243; button_bg_color=\u00bb#aaf0ff\u00bb button_border_width=\u00bb0px\u00bb button_border_color=\u00bbrgba(0,0,0,0)\u00bb button_border_radius=\u00bb14px\u00bb button_use_icon=\u00bboff\u00bb animation_style=\u00bbbounce\u00bb][\/et_pb_button][\/et_pb_column][et_pb_column type=\u00bb1_3&#8243; _builder_version=\u00bb4.7.0&#8243; _module_preset=\u00bbdefault\u00bb][et_pb_button button_url=\u00bbhttps:\/\/drive.google.com\/drive\/folders\/1saPhuYm56fnCSCZg4sNBnPyyzOorSh5O?usp=sharing\u00bb url_new_window=\u00bbon\u00bb button_text=\u00bbClima escolar\u00bb button_alignment=\u00bbcenter\u00bb admin_label=\u00bbInfo\u00bb _builder_version=\u00bb4.7.0&#8243; _module_preset=\u00bbdefault\u00bb custom_button=\u00bbon\u00bb button_text_size=\u00bb13px\u00bb button_text_color=\u00bb#000000&#8243; button_bg_color=\u00bb#aaf0ff\u00bb button_border_width=\u00bb0px\u00bb button_border_color=\u00bbrgba(0,0,0,0)\u00bb button_border_radius=\u00bb14px\u00bb button_use_icon=\u00bboff\u00bb animation_style=\u00bbbounce\u00bb][\/et_pb_button][et_pb_button button_url=\u00bbhttps:\/\/drive.google.com\/drive\/folders\/1lR-r0sPP_qTB4tgPMVstmO5PJMg89YHE?usp=sharing\u00bb button_text=\u00bbGesti\u00f3n Estrat\u00e9gica\u00bb button_alignment=\u00bbcenter\u00bb _builder_version=\u00bb4.7.0&#8243; _module_preset=\u00bbdefault\u00bb custom_button=\u00bbon\u00bb button_text_size=\u00bb13px\u00bb button_text_color=\u00bb#000000&#8243; button_bg_color=\u00bb#aaf0ff\u00bb button_border_width=\u00bb0px\u00bb button_border_color=\u00bbrgba(0,0,0,0)\u00bb button_border_radius=\u00bb14px\u00bb button_use_icon=\u00bboff\u00bb animation_style=\u00bbbounce\u00bb][\/et_pb_button][\/et_pb_column][et_pb_column type=\u00bb1_3&#8243; _builder_version=\u00bb4.7.0&#8243; _module_preset=\u00bbdefault\u00bb][et_pb_button button_url=\u00bbhttps:\/\/drive.google.com\/drive\/folders\/1lz27wiO2ZR_n2IWLvqcKPMqLnH8qrS4e?usp=sharing\u00bb url_new_window=\u00bbon\u00bb button_text=\u00bbGobierno escolar\u00bb button_alignment=\u00bbcenter\u00bb _builder_version=\u00bb4.7.0&#8243; _module_preset=\u00bbdefault\u00bb custom_button=\u00bbon\u00bb button_text_size=\u00bb13px\u00bb button_text_color=\u00bb#000000&#8243; button_bg_color=\u00bb#aaf0ff\u00bb button_border_width=\u00bb0px\u00bb button_border_color=\u00bbrgba(0,0,0,0)\u00bb button_border_radius=\u00bb14px\u00bb button_use_icon=\u00bboff\u00bb animation_style=\u00bbbounce\u00bb][\/et_pb_button][et_pb_button button_url=\u00bbhttps:\/\/drive.google.com\/drive\/folders\/14cyqDmgqZZGLKHyDVDoe5Cf_Le_jxENW?usp=sharing\u00bb button_text=\u00bbRelaciones con el entorno\u00bb button_alignment=\u00bbcenter\u00bb _builder_version=\u00bb4.7.0&#8243; _module_preset=\u00bbdefault\u00bb custom_button=\u00bbon\u00bb button_text_size=\u00bb13px\u00bb button_text_color=\u00bb#000000&#8243; button_bg_color=\u00bb#aaf0ff\u00bb button_border_width=\u00bb0px\u00bb button_border_color=\u00bbrgba(0,0,0,0)\u00bb button_border_radius=\u00bb14px\u00bb button_use_icon=\u00bboff\u00bb animation_style=\u00bbbounce\u00bb][\/et_pb_button][\/et_pb_column][\/et_pb_row][et_pb_row _builder_version=\u00bb4.7.0&#8243; _module_preset=\u00bbdefault\u00bb custom_margin=\u00bb5px|auto||auto||\u00bb custom_padding=\u00bb6px||5px|||\u00bb][et_pb_column type=\u00bb4_4&#8243; _builder_version=\u00bb4.7.0&#8243; _module_preset=\u00bbdefault\u00bb][et_pb_text _builder_version=\u00bb4.7.0&#8243; text_font=\u00bbEB Garamond|700|||||||\u00bb text_text_color=\u00bb#0c71c3&#8243; text_font_size=\u00bb58px\u00bb text_line_height=\u00bb0em\u00bb header_2_font=\u00bbEB Garamond||||||||\u00bb header_2_text_color=\u00bb#000000&#8243; header_2_font_size=\u00bb50px\u00bb header_2_line_height=\u00bb1.3em\u00bb text_orientation=\u00bbcenter\u00bb min_height=\u00bb49px\u00bb custom_margin=\u00bb3px||1px|||\u00bb custom_padding=\u00bb13px||0px|||\u00bb text_font_size_tablet=\u00bb50px\u00bb text_font_size_phone=\u00bb30px\u00bb text_font_size_last_edited=\u00bbon|desktop\u00bb header_2_font_size_tablet=\u00bb40px\u00bb header_2_font_size_phone=\u00bb30px\u00bb header_2_font_size_last_edited=\u00bbon|phone\u00bb]<\/p>\n<p><span style=\" font-size: 40px; font-weight: 500;\">Gesti\u00f3n Acad\u00e9mica<\/span><\/p>\n<p>[\/et_pb_text][\/et_pb_column][\/et_pb_row][et_pb_row column_structure=\u00bb1_4,1_4,1_4,1_4&#8243; use_custom_gutter=\u00bbon\u00bb _builder_version=\u00bb4.7.0&#8243; _module_preset=\u00bbdefault\u00bb width=\u00bb100%\u00bb module_alignment=\u00bbcenter\u00bb custom_padding=\u00bb7px||7px|||\u00bb animation_style=\u00bbflip\u00bb][et_pb_column type=\u00bb1_4&#8243; _builder_version=\u00bb4.7.0&#8243; _module_preset=\u00bbdefault\u00bb][et_pb_button button_url=\u00bbhttps:\/\/drive.google.com\/drive\/folders\/1cQaa5g03MCa9PfiaTIp2Rzc1ScID2dAT?usp=sharing\u00bb url_new_window=\u00bbon\u00bb button_text=\u00bbDise\u00f1o pedag\u00f3gico (curricular)\u00bb button_alignment=\u00bbcenter\u00bb _builder_version=\u00bb4.7.0&#8243; _module_preset=\u00bbdefault\u00bb custom_button=\u00bbon\u00bb button_text_size=\u00bb13px\u00bb button_text_color=\u00bb#000000&#8243; button_bg_color=\u00bb#aaf0ff\u00bb button_border_width=\u00bb0px\u00bb button_border_color=\u00bbrgba(0,0,0,0)\u00bb button_border_radius=\u00bb14px\u00bb button_use_icon=\u00bboff\u00bb animation_style=\u00bbbounce\u00bb][\/et_pb_button][\/et_pb_column][et_pb_column type=\u00bb1_4&#8243; _builder_version=\u00bb4.7.0&#8243; _module_preset=\u00bbdefault\u00bb][et_pb_button button_url=\u00bbhttps:\/\/drive.google.com\/drive\/folders\/1OLSg2vCThvPa7S4Mg97fAe-1AQxNTcGf?usp=sharing\u00bb url_new_window=\u00bbon\u00bb button_text=\u00bbPr\u00e1cticas pedag\u00f3gicas\u00bb button_alignment=\u00bbcenter\u00bb _builder_version=\u00bb4.7.0&#8243; _module_preset=\u00bbdefault\u00bb custom_button=\u00bbon\u00bb button_text_size=\u00bb13px\u00bb button_text_color=\u00bb#000000&#8243; button_bg_color=\u00bb#aaf0ff\u00bb button_border_width=\u00bb0px\u00bb button_border_color=\u00bbrgba(0,0,0,0)\u00bb button_border_radius=\u00bb14px\u00bb button_use_icon=\u00bboff\u00bb animation_style=\u00bbbounce\u00bb][\/et_pb_button][\/et_pb_column][et_pb_column type=\u00bb1_4&#8243; _builder_version=\u00bb4.7.0&#8243; _module_preset=\u00bbdefault\u00bb][et_pb_button button_url=\u00bbhttps:\/\/drive.google.com\/drive\/folders\/1jxaie_0KK8MpIC8hlZrGhnRxCgCLllR7?usp=sharing\u00bb button_text=\u00bbGesti\u00f3n de aula\u00bb button_alignment=\u00bbcenter\u00bb _builder_version=\u00bb4.7.0&#8243; _module_preset=\u00bbdefault\u00bb custom_button=\u00bbon\u00bb button_text_size=\u00bb13px\u00bb button_text_color=\u00bb#000000&#8243; button_bg_color=\u00bb#aaf0ff\u00bb button_border_width=\u00bb0px\u00bb button_border_color=\u00bbrgba(0,0,0,0)\u00bb button_border_radius=\u00bb14px\u00bb button_use_icon=\u00bboff\u00bb animation_style=\u00bbbounce\u00bb][\/et_pb_button][\/et_pb_column][et_pb_column type=\u00bb1_4&#8243; _builder_version=\u00bb4.7.0&#8243; _module_preset=\u00bbdefault\u00bb][et_pb_button button_url=\u00bbhttps:\/\/drive.google.com\/drive\/folders\/1VWDFIXGxAtOrj5f96XQlQ-hPjW_03138?usp=sharing\u00bb button_text=\u00bbSeguimiento Acad\u00e9mico\u00bb button_alignment=\u00bbcenter\u00bb _builder_version=\u00bb4.9.10&#8243; _module_preset=\u00bbdefault\u00bb custom_button=\u00bbon\u00bb button_text_size=\u00bb13px\u00bb button_text_color=\u00bb#000000&#8243; button_bg_color=\u00bb#aaf0ff\u00bb button_border_width=\u00bb0px\u00bb button_border_color=\u00bbrgba(0,0,0,0)\u00bb button_border_radius=\u00bb14px\u00bb button_use_icon=\u00bboff\u00bb animation_style=\u00bbbounce\u00bb][\/et_pb_button][\/et_pb_column][\/et_pb_row][et_pb_row _builder_version=\u00bb4.7.0&#8243; _module_preset=\u00bbdefault\u00bb min_height=\u00bb119px\u00bb custom_margin=\u00bb8px|auto||auto||\u00bb custom_padding=\u00bb5px||0px|||\u00bb][et_pb_column type=\u00bb4_4&#8243; _builder_version=\u00bb4.7.0&#8243; _module_preset=\u00bbdefault\u00bb][et_pb_text _builder_version=\u00bb4.7.0&#8243; text_font=\u00bbEB Garamond|700|||||||\u00bb text_text_color=\u00bb#0c71c3&#8243; text_font_size=\u00bb58px\u00bb text_line_height=\u00bb0em\u00bb header_2_font=\u00bbEB Garamond||||||||\u00bb header_2_text_color=\u00bb#000000&#8243; header_2_font_size=\u00bb50px\u00bb header_2_line_height=\u00bb1.3em\u00bb text_orientation=\u00bbcenter\u00bb min_height=\u00bb51px\u00bb custom_margin=\u00bb-2px||1px|||\u00bb custom_padding=\u00bb10px||0px|||\u00bb text_font_size_tablet=\u00bb50px\u00bb text_font_size_phone=\u00bb138px\u00bb text_font_size_last_edited=\u00bbon|desktop\u00bb header_2_font_size_tablet=\u00bb40px\u00bb header_2_font_size_phone=\u00bb30px\u00bb header_2_font_size_last_edited=\u00bbon|phone\u00bb]<\/p>\n<p><span style=\" font-size: 40px; font-weight: 500;\">Gesti\u00f3n Administrativa y Financiera<\/span><\/p>\n<p>[\/et_pb_text][\/et_pb_column][\/et_pb_row][et_pb_row column_structure=\u00bb1_3,1_3,1_3&#8243; use_custom_gutter=\u00bbon\u00bb _builder_version=\u00bb4.7.0&#8243; _module_preset=\u00bbdefault\u00bb width=\u00bb100%\u00bb module_alignment=\u00bbcenter\u00bb custom_margin=\u00bb1px|auto||auto||\u00bb custom_padding=\u00bb7px||17px|||\u00bb animation_style=\u00bbflip\u00bb][et_pb_column type=\u00bb1_3&#8243; _builder_version=\u00bb4.7.0&#8243; _module_preset=\u00bbdefault\u00bb][et_pb_button button_url=\u00bbhttp:\/\/caldasarauca.edu.co\/index.php\/apoyo-financiero-y-contable\u00bb url_new_window=\u00bbon\u00bb button_text=\u00bbApoyo financiero y contable\u00bb button_alignment=\u00bbcenter\u00bb _builder_version=\u00bb4.7.0&#8243; _module_preset=\u00bbdefault\u00bb custom_button=\u00bbon\u00bb button_text_size=\u00bb13px\u00bb button_text_color=\u00bb#000000&#8243; button_bg_color=\u00bb#aaf0ff\u00bb button_border_width=\u00bb0px\u00bb button_border_color=\u00bbrgba(0,0,0,0)\u00bb button_border_radius=\u00bb14px\u00bb button_use_icon=\u00bboff\u00bb custom_margin=\u00bb17px|||||\u00bb animation_style=\u00bbbounce\u00bb][\/et_pb_button][et_pb_button button_url=\u00bbhttps:\/\/drive.google.com\/drive\/folders\/1XV2QIaigZslbRaAFqtU2Wk4pRNv8DmSf?usp=sharing\u00bb button_text=\u00bbApoyo a la gesti\u00f3n acad\u00e9mica\u00bb button_alignment=\u00bbcenter\u00bb _builder_version=\u00bb4.9.10&#8243; _module_preset=\u00bbdefault\u00bb custom_button=\u00bbon\u00bb button_text_size=\u00bb13px\u00bb button_text_color=\u00bb#000000&#8243; button_bg_color=\u00bb#aaf0ff\u00bb button_border_width=\u00bb0px\u00bb button_border_color=\u00bbrgba(0,0,0,0)\u00bb button_border_radius=\u00bb14px\u00bb button_use_icon=\u00bboff\u00bb animation_style=\u00bbbounce\u00bb][\/et_pb_button][\/et_pb_column][et_pb_column type=\u00bb1_3&#8243; _builder_version=\u00bb4.7.0&#8243; _module_preset=\u00bbdefault\u00bb][et_pb_button button_text=\u00bbTalento humano\u00bb button_alignment=\u00bbcenter\u00bb _builder_version=\u00bb4.7.0&#8243; _module_preset=\u00bbdefault\u00bb custom_button=\u00bbon\u00bb button_text_size=\u00bb13px\u00bb button_text_color=\u00bb#000000&#8243; button_bg_color=\u00bb#aaf0ff\u00bb button_border_width=\u00bb0px\u00bb button_border_color=\u00bbrgba(0,0,0,0)\u00bb button_border_radius=\u00bb14px\u00bb button_use_icon=\u00bboff\u00bb animation_style=\u00bbbounce\u00bb][\/et_pb_button][et_pb_button button_text=\u00bbAdministraci\u00f3n de la planta f\u00edsica y de los recursos \/ Rendici\u00f3n de Cuentas\u00bb button_alignment=\u00bbcenter\u00bb _builder_version=\u00bb4.9.10&#8243; _module_preset=\u00bbdefault\u00bb custom_button=\u00bbon\u00bb button_text_size=\u00bb13px\u00bb button_text_color=\u00bb#000000&#8243; button_bg_color=\u00bb#aaf0ff\u00bb button_border_width=\u00bb0px\u00bb button_border_color=\u00bbrgba(0,0,0,0)\u00bb button_border_radius=\u00bb14px\u00bb button_use_icon=\u00bboff\u00bb animation_style=\u00bbbounce\u00bb hover_enabled=\u00bb0&#8243; sticky_enabled=\u00bb0&#8243; button_url=\u00bbhttps:\/\/drive.google.com\/drive\/folders\/1O818bhj5_nIoSy_9_tci7vsQvfWFfdID?usp=drive_link\u00bb][\/et_pb_button][\/et_pb_column][et_pb_column type=\u00bb1_3&#8243; _builder_version=\u00bb4.7.0&#8243; _module_preset=\u00bbdefault\u00bb][et_pb_button button_text=\u00bbAdministraci\u00f3n de la planta f\u00edsica y de los recursos\u00bb button_alignment=\u00bbcenter\u00bb _builder_version=\u00bb4.7.0&#8243; _module_preset=\u00bbdefault\u00bb custom_button=\u00bbon\u00bb button_text_size=\u00bb13px\u00bb button_text_color=\u00bb#000000&#8243; button_bg_color=\u00bb#aaf0ff\u00bb button_border_width=\u00bb0px\u00bb button_border_color=\u00bbrgba(0,0,0,0)\u00bb button_border_radius=\u00bb14px\u00bb button_use_icon=\u00bboff\u00bb animation_style=\u00bbbounce\u00bb][\/et_pb_button][et_pb_button button_url=\u00bbhttps:\/\/drive.google.com\/drive\/folders\/14kOefFTuxlB5nXknSco2Cjijw77QVPuk?usp=sharing\u00bb button_text=\u00bbProcesos Licitatorios\u00bb button_alignment=\u00bbcenter\u00bb _builder_version=\u00bb4.9.10&#8243; _module_preset=\u00bbdefault\u00bb custom_button=\u00bbon\u00bb button_text_size=\u00bb13px\u00bb button_text_color=\u00bb#000000&#8243; button_bg_color=\u00bb#aaf0ff\u00bb button_border_width=\u00bb0px\u00bb button_border_color=\u00bbrgba(0,0,0,0)\u00bb button_border_radius=\u00bb14px\u00bb button_use_icon=\u00bboff\u00bb animation_style=\u00bbbounce\u00bb][\/et_pb_button][\/et_pb_column][\/et_pb_row][et_pb_row _builder_version=\u00bb4.7.0&#8243; _module_preset=\u00bbdefault\u00bb custom_margin=\u00bb6px|auto||auto||\u00bb custom_padding=\u00bb7px|||||\u00bb][et_pb_column type=\u00bb4_4&#8243; _builder_version=\u00bb4.7.0&#8243; _module_preset=\u00bbdefault\u00bb][et_pb_text _builder_version=\u00bb4.7.0&#8243; text_font=\u00bbEB Garamond|700|||||||\u00bb text_text_color=\u00bb#0c71c3&#8243; text_font_size=\u00bb58px\u00bb text_line_height=\u00bb0em\u00bb header_2_font=\u00bbEB Garamond||||||||\u00bb header_2_text_color=\u00bb#000000&#8243; header_2_font_size=\u00bb50px\u00bb header_2_line_height=\u00bb1.3em\u00bb text_orientation=\u00bbcenter\u00bb custom_margin=\u00bb-6px||1px|||\u00bb text_font_size_tablet=\u00bb50px\u00bb text_font_size_phone=\u00bb135px\u00bb text_font_size_last_edited=\u00bbon|desktop\u00bb header_2_font_size_tablet=\u00bb40px\u00bb header_2_font_size_phone=\u00bb30px\u00bb header_2_font_size_last_edited=\u00bbon|phone\u00bb]<\/p>\n<p><span style=\" font-size: 40px; font-weight: 500;\">Gesti\u00f3n de la Comunidad<\/span><\/p>\n<p>[\/et_pb_text][\/et_pb_column][\/et_pb_row][et_pb_row column_structure=\u00bb1_3,1_3,1_3&#8243; use_custom_gutter=\u00bbon\u00bb _builder_version=\u00bb4.7.0&#8243; _module_preset=\u00bbdefault\u00bb width=\u00bb100%\u00bb module_alignment=\u00bbcenter\u00bb custom_padding=\u00bb8px||9px|||\u00bb animation_style=\u00bbflip\u00bb][et_pb_column type=\u00bb1_3&#8243; _builder_version=\u00bb4.7.0&#8243; _module_preset=\u00bbdefault\u00bb][et_pb_button button_text=\u00bbProyecci\u00f3n a la comunidad\u00bb button_alignment=\u00bbcenter\u00bb _builder_version=\u00bb4.7.0&#8243; _module_preset=\u00bbdefault\u00bb custom_button=\u00bbon\u00bb button_text_size=\u00bb13px\u00bb button_text_color=\u00bb#000000&#8243; button_bg_color=\u00bb#aaf0ff\u00bb button_border_width=\u00bb0px\u00bb button_border_color=\u00bbrgba(0,0,0,0)\u00bb button_border_radius=\u00bb14px\u00bb button_use_icon=\u00bboff\u00bb animation_style=\u00bbbounce\u00bb][\/et_pb_button][\/et_pb_column][et_pb_column type=\u00bb1_3&#8243; _builder_version=\u00bb4.7.0&#8243; _module_preset=\u00bbdefault\u00bb][et_pb_button button_text=\u00bbParticipaci\u00f3n y convivencia\u00bb button_alignment=\u00bbcenter\u00bb _builder_version=\u00bb4.7.0&#8243; _module_preset=\u00bbdefault\u00bb custom_button=\u00bbon\u00bb button_text_size=\u00bb13px\u00bb button_text_color=\u00bb#000000&#8243; button_bg_color=\u00bb#aaf0ff\u00bb button_border_width=\u00bb0px\u00bb button_border_color=\u00bbrgba(0,0,0,0)\u00bb button_border_radius=\u00bb14px\u00bb button_use_icon=\u00bboff\u00bb animation_style=\u00bbbounce\u00bb][\/et_pb_button][\/et_pb_column][et_pb_column type=\u00bb1_3&#8243; _builder_version=\u00bb4.7.0&#8243; _module_preset=\u00bbdefault\u00bb][et_pb_button button_text=\u00bbPrevenci\u00f3n de riesgos\u00bb button_alignment=\u00bbcenter\u00bb _builder_version=\u00bb4.7.0&#8243; _module_preset=\u00bbdefault\u00bb custom_button=\u00bbon\u00bb button_text_size=\u00bb13px\u00bb button_text_color=\u00bb#000000&#8243; button_bg_color=\u00bb#aaf0ff\u00bb button_border_width=\u00bb0px\u00bb button_border_color=\u00bbrgba(0,0,0,0)\u00bb button_border_radius=\u00bb14px\u00bb button_use_icon=\u00bboff\u00bb animation_style=\u00bbbounce\u00bb][\/et_pb_button][\/et_pb_column][\/et_pb_row][\/et_pb_section]<\/p>\n","protected":false},"excerpt":{"rendered":"<p>Gesti\u00f3n Directiva Cultura institucional Direccionamiento estrat\u00e9gico y horizonte institucional Clima escolar Gesti\u00f3n Estrat\u00e9gica Gobierno escolar Relaciones con el entorno Gesti\u00f3n Acad\u00e9mica Dise\u00f1o pedag\u00f3gico (curricular) Pr\u00e1cticas pedag\u00f3gicas Gesti\u00f3n de aula Seguimiento Acad\u00e9mico Gesti\u00f3n Administrativa y Financiera Apoyo financiero y contable Apoyo a la gesti\u00f3n acad\u00e9mica Talento humano Administraci\u00f3n de la planta f\u00edsica y de los recursos [&hellip;]<\/p>\n","protected":false},"author":1,"featured_media":0,"parent":0,"menu_order":0,"comment_status":"closed","ping_status":"closed","template":"","meta":{"_et_pb_use_builder":"on","_et_pb_old_content":"<!-- wp:divi\/placeholder \/-->","_et_gb_content_width":"","footnotes":""},"class_list":["post-182","page","type-page","status-publish","hentry"],"_links":{"self":[{"href":"https:\/\/caldasarauca.edu.co\/index.php\/wp-json\/wp\/v2\/pages\/182","targetHints":{"allow":["GET"]}}],"collection":[{"href":"https:\/\/caldasarauca.edu.co\/index.php\/wp-json\/wp\/v2\/pages"}],"about":[{"href":"https:\/\/caldasarauca.edu.co\/index.php\/wp-json\/wp\/v2\/types\/page"}],"author":[{"embeddable":true,"href":"https:\/\/caldasarauca.edu.co\/index.php\/wp-json\/wp\/v2\/users\/1"}],"replies":[{"embeddable":true,"href":"https:\/\/caldasarauca.edu.co\/index.php\/wp-json\/wp\/v2\/comments?post=182"}],"version-history":[{"count":108,"href":"https:\/\/caldasarauca.edu.co\/index.php\/wp-json\/wp\/v2\/pages\/182\/revisions"}],"predecessor-version":[{"id":1899,"href":"https:\/\/caldasarauca.edu.co\/index.php\/wp-json\/wp\/v2\/pages\/182\/revisions\/1899"}],"wp:attachment":[{"href":"https:\/\/caldasarauca.edu.co\/index.php\/wp-json\/wp\/v2\/media?parent=182"}],"curies":[{"name":"wp","href":"https:\/\/api.w.org\/{rel}","templated":true}]}}