{"id":1437,"date":"2022-09-07T17:15:15","date_gmt":"2022-09-07T17:15:15","guid":{"rendered":"https:\/\/caldasarauca.edu.co\/?page_id=1437"},"modified":"2022-09-10T16:21:14","modified_gmt":"2022-09-10T16:21:14","slug":"leones-educando","status":"publish","type":"page","link":"https:\/\/caldasarauca.edu.co\/index.php\/leones-educando\/","title":{"rendered":"Leones educando"},"content":{"rendered":"<p>[et_pb_section fb_built=\u00bb1&#8243; admin_label=\u00bbHero\u00bb _builder_version=\u00bb3.22&#8243; custom_padding=\u00bb80px|0px|54px|0px|false|false\u00bb][et_pb_row _builder_version=\u00bb3.25&#8243; background_size=\u00bbinitial\u00bb background_position=\u00bbtop_left\u00bb background_repeat=\u00bbrepeat\u00bb max_width=\u00bb700px\u00bb use_custom_width=\u00bbon\u00bb custom_width_px=\u00bb700px\u00bb][et_pb_column type=\u00bb4_4&#8243; _builder_version=\u00bb3.25&#8243; custom_padding=\u00bb|||\u00bb custom_padding__hover=\u00bb|||\u00bb][et_pb_text _builder_version=\u00bb3.27.4&#8243; text_font=\u00bbTeko||||||||\u00bb text_text_color=\u00bb#c10f1b\u00bb text_font_size=\u00bb26px\u00bb text_line_height=\u00bb1.2em\u00bb ul_font=\u00bb||||||||\u00bb header_font=\u00bbTeko|||on|||||\u00bb header_font_size=\u00bb96px\u00bb header_letter_spacing=\u00bb2px\u00bb header_line_height=\u00bb0.9em\u00bb text_orientation=\u00bbcenter\u00bb custom_margin=\u00bb|||\u00bb header_font_size_tablet=\u00bb66px\u00bb header_font_size_phone=\u00bb36px\u00bb header_font_size_last_edited=\u00bbon|phone\u00bb]<\/p>\n<h1>PROGRAMA LEONES EDUCANDO<\/h1>\n<p><span style=\"color: #0c71c3;\">\u201cUna instituci\u00f3n educativa comprometida con el crecimiento y desarrollo de todos\u201d<\/span><\/p>\n<p>[\/et_pb_text][\/et_pb_column][\/et_pb_row][\/et_pb_section][et_pb_section fb_built=\u00bb1&#8243; fullwidth=\u00bbon\u00bb _builder_version=\u00bb3.22&#8243; bottom_divider_style=\u00bbarrow\u00bb bottom_divider_color=\u00bb#ffffff\u00bb bottom_divider_height_tablet=\u00bb\u00bb bottom_divider_height_phone=\u00bb50px\u00bb bottom_divider_height_last_edited=\u00bbon|phone\u00bb animation_style=\u00bbslide\u00bb animation_direction=\u00bbtop\u00bb animation_intensity_slide=\u00bb4%\u00bb][et_pb_fullwidth_image src=\u00bbhttp:\/\/caldasarauca.edu.co\/wp-content\/uploads\/2022\/09\/estudianteleon.jpg\u00bb title_text=\u00bbestudianteleon\u00bb _builder_version=\u00bb4.9.10&#8243;][\/et_pb_fullwidth_image][\/et_pb_section][et_pb_section fb_built=\u00bb1&#8243; admin_label=\u00bbFeatures\u00bb _builder_version=\u00bb3.22&#8243; custom_padding=\u00bb|||\u00bb][et_pb_row _builder_version=\u00bb3.25&#8243; custom_margin=\u00bb|||\u00bb][et_pb_column type=\u00bb4_4&#8243; _builder_version=\u00bb3.25&#8243; custom_padding=\u00bb|||\u00bb custom_padding__hover=\u00bb|||\u00bb][et_pb_text admin_label=\u00bbTitle\u00bb _builder_version=\u00bb3.27.4&#8243; header_font=\u00bb||||||||\u00bb header_3_font=\u00bbTeko||||||||\u00bb header_3_font_size=\u00bb40px\u00bb header_3_line_height=\u00bb1.2em\u00bb custom_margin=\u00bb||15px|\u00bb border_color_all=\u00bbrgba(51,51,51,0.12)\u00bb border_width_bottom=\u00bb1px\u00bb]<\/p>\n<h3>Acerca de Leones Educando<\/h3>\n<p>[\/et_pb_text][\/et_pb_column][\/et_pb_row][et_pb_row _builder_version=\u00bb4.9.10&#8243; custom_margin=\u00bb|||\u00bb custom_padding=\u00bb0|0px|27px|0px|false|false\u00bb][et_pb_column type=\u00bb4_4&#8243; _builder_version=\u00bb3.25&#8243; custom_padding=\u00bb|||\u00bb custom_padding__hover=\u00bb|||\u00bb][et_pb_text _builder_version=\u00bb3.27.4&#8243; text_font=\u00bbLato||||||||\u00bb text_font_size=\u00bb18px\u00bb text_line_height=\u00bb1.8em\u00bb]<\/p>\n<p>Es un programa de habilidades para la vida de la Fundaci\u00f3n Lions Clubs International (LCIF), que est\u00e1 inmersa en el curr\u00edculo de la clase y s\u00e9 integra en los cursos existentes o se ense\u00f1a en la misma clase, realizando una conexi\u00f3n entre la escuela, el hogar y la comunidad con una visi\u00f3n integral y global.<\/p>\n<p>[\/et_pb_text][et_pb_button button_url=\u00bbhttps:\/\/www.lions-quest.org\/\u00bb url_new_window=\u00bbon\u00bb button_text=\u00bbM\u00e1s informaci\u00f3n\u00bb _builder_version=\u00bb4.9.10&#8243; custom_button=\u00bbon\u00bb button_text_size=\u00bb14px\u00bb button_text_color=\u00bb#0C71C3&#8243; button_bg_color=\u00bb#ffffff\u00bb button_border_width=\u00bb8px\u00bb button_border_color=\u00bb#ffffff\u00bb button_border_radius=\u00bb0px\u00bb button_letter_spacing=\u00bb4px\u00bb button_font=\u00bbTeko|700||on|||||\u00bb button_icon=\u00bb%%3%%\u00bb background_layout=\u00bbdark\u00bb custom_margin=\u00bb|||\u00bb animation_style=\u00bbslide\u00bb animation_direction=\u00bbleft\u00bb animation_delay=\u00bb100ms\u00bb animation_intensity_slide=\u00bb20%\u00bb box_shadow_style=\u00bbpreset1&#8243; box_shadow_color=\u00bbrgba(0,0,0,0.1)\u00bb locked=\u00bboff\u00bb button_text_size__hover_enabled=\u00bboff\u00bb button_one_text_size__hover_enabled=\u00bboff\u00bb button_two_text_size__hover_enabled=\u00bboff\u00bb button_text_color__hover_enabled=\u00bboff\u00bb button_one_text_color__hover_enabled=\u00bboff\u00bb button_two_text_color__hover_enabled=\u00bboff\u00bb button_border_width__hover_enabled=\u00bboff\u00bb button_one_border_width__hover_enabled=\u00bboff\u00bb button_two_border_width__hover_enabled=\u00bboff\u00bb button_border_color__hover_enabled=\u00bboff\u00bb button_one_border_color__hover_enabled=\u00bboff\u00bb button_two_border_color__hover_enabled=\u00bboff\u00bb button_border_radius__hover_enabled=\u00bboff\u00bb button_one_border_radius__hover_enabled=\u00bboff\u00bb button_two_border_radius__hover_enabled=\u00bboff\u00bb button_letter_spacing__hover_enabled=\u00bboff\u00bb button_one_letter_spacing__hover_enabled=\u00bboff\u00bb button_two_letter_spacing__hover_enabled=\u00bboff\u00bb button_bg_color__hover_enabled=\u00bboff\u00bb button_one_bg_color__hover_enabled=\u00bboff\u00bb button_two_bg_color__hover_enabled=\u00bboff\u00bb][\/et_pb_button][\/et_pb_column][\/et_pb_row][et_pb_row _builder_version=\u00bb3.25&#8243; custom_margin=\u00bb|||\u00bb][et_pb_column type=\u00bb4_4&#8243; _builder_version=\u00bb3.25&#8243; custom_padding=\u00bb|||\u00bb custom_padding__hover=\u00bb|||\u00bb][et_pb_text admin_label=\u00bbTitle\u00bb _builder_version=\u00bb3.27.4&#8243; header_font=\u00bb||||||||\u00bb header_3_font=\u00bbTeko||||||||\u00bb header_3_font_size=\u00bb40px\u00bb header_3_line_height=\u00bb1.2em\u00bb custom_margin=\u00bb||15px|\u00bb border_color_all=\u00bbrgba(51,51,51,0.12)\u00bb border_width_bottom=\u00bb1px\u00bb]<\/p>\n<h3>Justificaci\u00f3n<\/h3>\n<p>[\/et_pb_text][\/et_pb_column][\/et_pb_row][et_pb_row column_structure=\u00bb1_3,1_3,1_3&#8243; _builder_version=\u00bb4.9.10&#8243; custom_margin=\u00bb|||\u00bb custom_padding=\u00bb0|0px|27px|0px|false|false\u00bb][et_pb_column type=\u00bb1_3&#8243; _builder_version=\u00bb3.25&#8243; custom_padding=\u00bb|||\u00bb custom_padding__hover=\u00bb|||\u00bb][et_pb_text _builder_version=\u00bb4.9.10&#8243; text_font=\u00bbLato||||||||\u00bb text_font_size=\u00bb16px\u00bb text_line_height=\u00bb1.8em\u00bb]<\/p>\n<p style=\"text-align: justify;\">La <span style=\"color: #0c71c3;\">Instituci\u00f3n Educativa<\/span> en la b\u00fasqueda del desarrollo de habilidades y relaciones positivas entre sus miembros y a su vez mejorar el clima escolar y el rendimiento acad\u00e9mico, encontr\u00f3 en Leones Educando la respuesta para lograrlo y es como a trav\u00e9s de sus maestros puedan fortalecer en la pr\u00e1ctica, la planificaci\u00f3n y la comunicaci\u00f3n en cada clase, pues con este programa se logra involucrar a la familia y la comunidad para apoyar el desarrollo saludable de nuestros educandos.<\/p>\n<p style=\"text-align: justify;\">Lo anterior se hace necesario ante la alta vulnerabilidad de nuestra poblaci\u00f3n ya que en un alto porcentaje nuestra poblaci\u00f3n pertenece a n\u00facleos familiares disfuncionales, deficiente acompa\u00f1amiento de la familia en el proceso educativo, alto porcentaje de violencia familiar que desatan trastornos psicol\u00f3gicos en los educandos, es por ello que mediante este programa conseguimos la cohesi\u00f3n familiar y detectar los tipo de factores de protecci\u00f3n y de riesgo a los que se hallan expuestos.<\/p>\n<p style=\"text-align: justify;\"><strong>\u00a0<\/strong><\/p>\n<p>[\/et_pb_text][\/et_pb_column][et_pb_column type=\u00bb1_3&#8243; _builder_version=\u00bb3.25&#8243; custom_padding=\u00bb|||\u00bb custom_padding__hover=\u00bb|||\u00bb][et_pb_text _builder_version=\u00bb4.9.10&#8243; text_font=\u00bbLato||||||||\u00bb text_font_size=\u00bb16px\u00bb text_line_height=\u00bb1.8em\u00bb]<\/p>\n<p style=\"text-align: justify;\">La comprensi\u00f3n de las dificultades que cuenta nuestros educandos hace posible que en esta misma v\u00eda\u00a0 logremos din\u00e1micas familiares dadas a la luz del contexto psicol\u00f3gico, social y cultural que lo determina, tal reflexi\u00f3n resulta importante si se tiene en cuenta que son estas din\u00e1micas las que trazan el derrotero para el desarrollo de esto ni\u00f1os. Por otra parte, si se logra la comprensi\u00f3n de tales situaciones, ser\u00e1 posible favorecer el crecimiento y desarrollo de nuestros educandos de conformidad con nuestra misi\u00f3n con un claro acompa\u00f1amiento.<\/p>\n<p style=\"text-align: justify;\">El programa en su estructura cuenta con acciones estrat\u00e9gicas que no solo impactan positivamente el entorno escolar sino que desarrollan la funci\u00f3n afectiva de las familias y mejoraron su salud familiar integral, pues la realidad de nuestras familias al igual del contexto social en su gran mayor\u00eda es cr\u00edtico y como se explic\u00f3 anteriormente la disfuncionalidad familiar estar\u00eda relacionada con la emergencia de trastornos de salud f\u00edsica y mental, lo que se observa a manera de ejemplo en la influencia que ejercen las relaciones conflictivas entre los padres sobre las conductas de riesgo de sus hijos (Vald\u00e9s, Serrano &amp; Florenzano, 1994).<\/p>\n<p>[\/et_pb_text][\/et_pb_column][et_pb_column type=\u00bb1_3&#8243; _builder_version=\u00bb3.25&#8243; custom_padding=\u00bb|||\u00bb custom_padding__hover=\u00bb|||\u00bb][et_pb_text _builder_version=\u00bb4.9.10&#8243; text_font=\u00bbLato||||||||\u00bb text_font_size=\u00bb16px\u00bb text_line_height=\u00bb1.8em\u00bb]<\/p>\n<p style=\"text-align: justify;\">Es por ello que el desarrollo emocional o afectivo en que se refiere al proceso por el cual el ni\u00f1o construye su identidad (su yo), su autoestima, su seguridad y la confianza en s\u00ed mismo y en el mundo que lo rodea, a trav\u00e9s de las interacciones que establece con sus pares significativos, ubic\u00e1ndose a s\u00ed mismo como una persona \u00fanica y distinta moldea su personalidad.<\/p>\n<p style=\"text-align: justify;\">Sumado a las anteriores situaciones, requerimos de una juventud fortalecida ante flagelos como la drogadicci\u00f3n con el programa ayudamos a los j\u00f3venes a desarrollar autoestima y adquirir destrezas necesarias que les permitan resistir las influencias negativas de las drogas y conductas da\u00f1inas a su persona y medio familiar, es decir, trabaja con valores para recuperar la autoconfianza, logrando desarrollar las potencialidades de los j\u00f3venes que pueden a la par lograr generar su proyecto de vida.<\/p>\n<p style=\"text-align: justify;\"><u>\u00a0<\/u><\/p>\n<p>[\/et_pb_text][\/et_pb_column][\/et_pb_row][et_pb_row _builder_version=\u00bb4.9.10&#8243; _module_preset=\u00bbdefault\u00bb][et_pb_column type=\u00bb4_4&#8243; _builder_version=\u00bb4.9.10&#8243; _module_preset=\u00bbdefault\u00bb][et_pb_divider color=\u00bb#0C71C3&#8243; divider_style=\u00bbdotted\u00bb divider_weight=\u00bb7px\u00bb _builder_version=\u00bb4.9.10&#8243; _module_preset=\u00bbdefault\u00bb][\/et_pb_divider][\/et_pb_column][\/et_pb_row][et_pb_row column_structure=\u00bb1_3,1_3,1_3&#8243; _builder_version=\u00bb3.25&#8243; custom_margin=\u00bb|||\u00bb][et_pb_column type=\u00bb1_3&#8243; _builder_version=\u00bb3.25&#8243; custom_padding=\u00bb|||\u00bb custom_padding__hover=\u00bb|||\u00bb][et_pb_image src=\u00bbhttp:\/\/caldasarauca.edu.co\/wp-content\/uploads\/2022\/07\/Mapa-de-bits.jpg\u00bb title_text=\u00bbMapa de bits\u00bb show_in_lightbox=\u00bbon\u00bb force_fullwidth=\u00bbon\u00bb align_tablet=\u00bbcenter\u00bb align_phone=\u00bb\u00bb align_last_edited=\u00bbon|desktop\u00bb _builder_version=\u00bb4.9.10&#8243; animation_style=\u00bbzoom\u00bb animation_intensity_zoom=\u00bb10%\u00bb][\/et_pb_image][\/et_pb_column][et_pb_column type=\u00bb1_3&#8243; _builder_version=\u00bb3.25&#8243; custom_padding=\u00bb|||\u00bb custom_padding__hover=\u00bb|||\u00bb][et_pb_image src=\u00bbhttp:\/\/caldasarauca.edu.co\/wp-content\/uploads\/2022\/07\/Mapa-de-bits-8.jpg\u00bb title_text=\u00bbMapa de bits (8)\u00bb show_in_lightbox=\u00bbon\u00bb force_fullwidth=\u00bbon\u00bb align_tablet=\u00bbcenter\u00bb align_phone=\u00bb\u00bb align_last_edited=\u00bbon|desktop\u00bb _builder_version=\u00bb4.9.10&#8243; animation_style=\u00bbzoom\u00bb animation_intensity_zoom=\u00bb10%\u00bb][\/et_pb_image][\/et_pb_column][et_pb_column type=\u00bb1_3&#8243; _builder_version=\u00bb3.25&#8243; custom_padding=\u00bb|||\u00bb custom_padding__hover=\u00bb|||\u00bb][et_pb_image src=\u00bbhttp:\/\/caldasarauca.edu.co\/wp-content\/uploads\/2022\/07\/Mapa-de-bits-11.jpg\u00bb title_text=\u00bbMapa de bits (11)\u00bb show_in_lightbox=\u00bbon\u00bb force_fullwidth=\u00bbon\u00bb align_tablet=\u00bbcenter\u00bb align_phone=\u00bb\u00bb align_last_edited=\u00bbon|desktop\u00bb _builder_version=\u00bb4.9.10&#8243; animation_style=\u00bbzoom\u00bb animation_intensity_zoom=\u00bb10%\u00bb][\/et_pb_image][\/et_pb_column][\/et_pb_row][et_pb_row admin_label=\u00bbDetailed Specs\u00bb _builder_version=\u00bb3.25&#8243; locked=\u00bboff\u00bb][et_pb_column type=\u00bb4_4&#8243; _builder_version=\u00bb3.25&#8243; custom_padding=\u00bb|||\u00bb custom_padding__hover=\u00bb|||\u00bb][et_pb_divider color=\u00bb#0C71C3&#8243; divider_style=\u00bbdotted\u00bb divider_weight=\u00bb7px\u00bb _builder_version=\u00bb4.9.10&#8243; _module_preset=\u00bbdefault\u00bb][\/et_pb_divider][et_pb_tabs _builder_version=\u00bb4.9.10&#8243; tab_font=\u00bbTeko|||on|||||\u00bb tab_letter_spacing=\u00bb1px\u00bb tab_line_height=\u00bb3em\u00bb background_color=\u00bb#f7f7f7&#8243; border_width_all=\u00bb0px\u00bb locked=\u00bboff\u00bb][et_pb_tab title=\u00bbOBJETIVOS DEL PROGRAMA\u00bb _builder_version=\u00bb4.9.10&#8243; body_font=\u00bb||||||||\u00bb body_text_color=\u00bb#000000&#8243; body_font_size=\u00bb16px\u00bb body_line_height=\u00bb1.8em\u00bb tab_font=\u00bb||||||||\u00bb tab_text_color=\u00bb#0C71C3&#8243; tab_line_height=\u00bb1em\u00bb background_color=\u00bbRGBA(0,0,0,0)\u00bb background_enable_color=\u00bbon\u00bb tab_text_color_last_edited=\u00bboff|desktop\u00bb tab_text_color__hover_enabled=\u00bboff|desktop\u00bb]<\/p>\n<ul>\n<li>Involucrar a los estudiantes, las familias, las escuelas y los miembros de la comunidad.<\/li>\n<li>Proporcionar oportunidades para que los j\u00f3venes aprendan las habilidades esenciales para la vida.<\/li>\n<li>Aumentar los factores de protecci\u00f3n y disminuir los factores de riesgo.<\/li>\n<li>Involucrar a los j\u00f3venes en la pr\u00e1ctica de la buena ciudadan\u00eda.<\/li>\n<li>Fortalecer el compromiso de los j\u00f3venes de la familia, compa\u00f1eros positivos, la escuela y la comunidad.<\/li>\n<\/ul>\n<p>[\/et_pb_tab][et_pb_tab title=\u00bb\u00bfA QUIENES SE DIRIGE?\u00bb _builder_version=\u00bb3.6&#8243; body_font=\u00bb||||||||\u00bb body_font_size=\u00bb16px\u00bb body_line_height=\u00bb1.8em\u00bb tab_font=\u00bb||||||||\u00bb]<\/p>\n<p>El programa cuenta con tres componentes de acuerdo a las edades de los estudiantes: Destrezas para el crecimiento, dirigido a ni\u00f1os de 5 a 9 a\u00f1os, Destrezas para la adolescencia para ni\u00f1os y ni\u00f1as de 10 a 14 a\u00f1os, Destrezas para la acci\u00f3n, dirigido a los j\u00f3venes entre 15 y 18 a\u00f1os.<\/p>\n<p>[\/et_pb_tab][\/et_pb_tabs][et_pb_text admin_label=\u00bbTitle\u00bb _builder_version=\u00bb4.9.10&#8243; header_font=\u00bb||||||||\u00bb header_3_font=\u00bbTeko||||||||\u00bb header_3_font_size=\u00bb40px\u00bb header_3_line_height=\u00bb1.2em\u00bb custom_margin=\u00bb||15px|\u00bb border_color_all=\u00bbrgba(51,51,51,0.12)\u00bb border_width_bottom=\u00bb1px\u00bb]<\/p>\n<h3>Metodolog\u00eda y componentes de desarrollo<\/h3>\n<p>[\/et_pb_text][\/et_pb_column][\/et_pb_row][et_pb_row admin_label=\u00bbDetailed Specs\u00bb _builder_version=\u00bb3.25&#8243; locked=\u00bboff\u00bb][et_pb_column type=\u00bb4_4&#8243; _builder_version=\u00bb3.25&#8243; custom_padding=\u00bb|||\u00bb custom_padding__hover=\u00bb|||\u00bb][et_pb_tabs _builder_version=\u00bb4.9.10&#8243; tab_font=\u00bbTeko|||on|||||\u00bb tab_letter_spacing=\u00bb1px\u00bb tab_line_height=\u00bb3em\u00bb background_color=\u00bb#f7f7f7&#8243; border_width_all=\u00bb0px\u00bb locked=\u00bboff\u00bb][et_pb_tab title=\u00bbDESTREZAS PARA EL CRECIMIENTO\u00bb _builder_version=\u00bb4.9.10&#8243; body_font=\u00bb||||||||\u00bb body_font_size=\u00bb16px\u00bb body_line_height=\u00bb1.8em\u00bb tab_font=\u00bb||||||||\u00bb tab_text_color=\u00bb#0C71C3&#8243; tab_font_size=\u00bb16px\u00bb]<\/p>\n<p><span style=\"font-size: small;\">Desde las primeras etapas de la vida se debe fomentar las habilidades para La Vida, integra personal de la escuela, las familias, las comunidades y los ni\u00f1os juntos en una iniciativa unificada que integra aprendizaje social, aprendizaje emocional, prevenci\u00f3n de drogas y la intimidaci\u00f3n, y el aprendizaje-servicio. A trav\u00e9s de una serie de unidades did\u00e1cticas tem\u00e1ticas, el programa ayudar\u00e1 a crear un ambiente de clase que fomenta y mejora el aprendizaje.\u00a0Destrezas para el Crecimiento\u00a0participantes en el taller se preparar\u00e1 a:<\/span><\/p>\n<p><span style=\"font-size: small;\">\u00a0Desarrollar un ambiente seguro, cooperativo, participativo de aprendizaje.<\/span><\/p>\n<ul>\n<li><span style=\"font-size: small;\">Ense\u00f1ar habilidades que apoyan la resoluci\u00f3n de conflictos, resistiendo la presi\u00f3n negativa de los compa\u00f1eros, y la celebraci\u00f3n de la diversidad<\/span><\/li>\n<li><span style=\"font-size: small;\">Facilitar proyectos de aprendizaje-servicio.<\/span><\/li>\n<li><span style=\"font-size: small;\">Involucrar a los padres y miembros de la comunidad como socios en la educaci\u00f3n.<\/span><\/li>\n<\/ul>\n<p>&nbsp;<\/p>\n<p>[\/et_pb_tab][et_pb_tab title=\u00bbDESTREZAS PARA LA ADOLESCENCIA\u00bb _builder_version=\u00bb4.9.10&#8243; body_font=\u00bb||||||||\u00bb body_font_size=\u00bb16px\u00bb body_line_height=\u00bb1.8em\u00bb tab_font=\u00bb||||||||\u00bb]<\/p>\n<p><span style=\"font-size: small;\">El programa cuenta con tres componentes de acuerdo a las edades de los estudiantes: Destrezas para el crecimiento, dirigido a ni\u00f1os de 5 a 9 a\u00f1os, Destrezas para la adolescencia para ni\u00f1os y ni\u00f1as de 10 a 14 a\u00f1os, Destrezas para la acci\u00f3n, dirigido a los j\u00f3venes entre 15 y 18 a\u00f1os.<\/span><\/p>\n<p>[\/et_pb_tab][et_pb_tab title=\u00bbDESTREZAS PARA LA ACCI\u00d3N\u00bb _builder_version=\u00bb4.9.10&#8243; _module_preset=\u00bbdefault\u00bb tab_text_color=\u00bb#0C71C3&#8243;]<\/p>\n<p>Continuando con la formaci\u00f3n de adolescencia se busca formar l\u00edderes que puedan generar en la pr\u00e1ctica de su vida y que generen una s\u00f3lida comprensi\u00f3n de sus acciones, as\u00ed que puedan convertirse en participes del desarrollo y lograr habilidades para el desarrollo de un proyecto de vida exitoso. Esto se logra con la ejecuci\u00f3n de proyectos de aprendizaje-servicio para fomentar el compromiso c\u00edvico y la responsabilidad que a su vez convierten a los alumnos de grados superiores en promotores de un clima escolar exitoso.<\/p>\n<p>[\/et_pb_tab][\/et_pb_tabs][et_pb_divider color=\u00bb#0C71C3&#8243; divider_style=\u00bbdotted\u00bb divider_weight=\u00bb7px\u00bb _builder_version=\u00bb4.9.10&#8243; _module_preset=\u00bbdefault\u00bb][\/et_pb_divider][\/et_pb_column][\/et_pb_row][et_pb_row column_structure=\u00bb1_3,1_3,1_3&#8243; _builder_version=\u00bb3.25&#8243; custom_margin=\u00bb|||\u00bb min_height=\u00bb451.9px\u00bb][et_pb_column type=\u00bb1_3&#8243; _builder_version=\u00bb3.25&#8243; custom_padding=\u00bb|||\u00bb custom_padding__hover=\u00bb|||\u00bb][et_pb_image src=\u00bbhttp:\/\/caldasarauca.edu.co\/wp-content\/uploads\/2022\/07\/Mapa-de-bits-4.jpg\u00bb title_text=\u00bbMapa de bits (4)\u00bb show_in_lightbox=\u00bbon\u00bb force_fullwidth=\u00bbon\u00bb align_tablet=\u00bbcenter\u00bb align_phone=\u00bb\u00bb align_last_edited=\u00bbon|desktop\u00bb _builder_version=\u00bb4.9.10&#8243; animation_style=\u00bbzoom\u00bb animation_intensity_zoom=\u00bb10%\u00bb][\/et_pb_image][\/et_pb_column][et_pb_column type=\u00bb1_3&#8243; _builder_version=\u00bb3.25&#8243; custom_padding=\u00bb|||\u00bb custom_padding__hover=\u00bb|||\u00bb][et_pb_image src=\u00bbhttp:\/\/caldasarauca.edu.co\/wp-content\/uploads\/2022\/07\/Mapa-de-bits-13.jpg\u00bb title_text=\u00bbMapa de bits (13)\u00bb show_in_lightbox=\u00bbon\u00bb force_fullwidth=\u00bbon\u00bb align_tablet=\u00bbcenter\u00bb align_phone=\u00bb\u00bb align_last_edited=\u00bbon|desktop\u00bb _builder_version=\u00bb4.9.10&#8243; animation_style=\u00bbzoom\u00bb animation_intensity_zoom=\u00bb10%\u00bb][\/et_pb_image][et_pb_divider color=\u00bb#0C71C3&#8243; divider_style=\u00bbdotted\u00bb divider_weight=\u00bb7px\u00bb _builder_version=\u00bb4.9.10&#8243; _module_preset=\u00bbdefault\u00bb custom_margin=\u00bb|-625px||-613px||\u00bb custom_padding=\u00bb|240px||231px||\u00bb][\/et_pb_divider][\/et_pb_column][et_pb_column type=\u00bb1_3&#8243; _builder_version=\u00bb3.25&#8243; custom_padding=\u00bb|||\u00bb custom_padding__hover=\u00bb|||\u00bb][et_pb_image src=\u00bbhttp:\/\/caldasarauca.edu.co\/wp-content\/uploads\/2022\/07\/Mapa-de-bits-9.jpg\u00bb title_text=\u00bbMapa de bits (9)\u00bb show_in_lightbox=\u00bbon\u00bb force_fullwidth=\u00bbon\u00bb align_tablet=\u00bbcenter\u00bb align_phone=\u00bb\u00bb align_last_edited=\u00bbon|desktop\u00bb _builder_version=\u00bb4.9.10&#8243; animation_style=\u00bbzoom\u00bb animation_intensity_zoom=\u00bb10%\u00bb][\/et_pb_image][\/et_pb_column][\/et_pb_row][\/et_pb_section][et_pb_section fb_built=\u00bb1&#8243; prev_background_color=\u00bb#ffffff\u00bb admin_label=\u00bbFinancing\u00bb _builder_version=\u00bb4.9.10&#8243; use_background_color_gradient=\u00bbon\u00bb background_color_gradient_start=\u00bbrgba(27,31,37,0.3)\u00bb background_color_gradient_end=\u00bb#1b1f25&#8243; background_color_gradient_overlays_image=\u00bbon\u00bb background_image=\u00bbhttp:\/\/caldasarauca.edu.co\/wp-content\/uploads\/2022\/09\/PieDePaginalios.jpg\u00bb custom_padding=\u00bb250px||0px||false|false\u00bb top_divider_style=\u00bbarrow\u00bb top_divider_height_tablet=\u00bb\u00bb top_divider_height_phone=\u00bb50px\u00bb top_divider_height_last_edited=\u00bbon|phone\u00bb][et_pb_row module_class=\u00bb et_pb_row_fullwidth\u00bb _builder_version=\u00bb3.25&#8243; width=\u00bb89%\u00bb width_tablet=\u00bb80%\u00bb width_phone=\u00bb\u00bb width_last_edited=\u00bbon|desktop\u00bb max_width=\u00bb89%\u00bb max_width_tablet=\u00bb80%\u00bb max_width_phone=\u00bb\u00bb max_width_last_edited=\u00bbon|desktop\u00bb custom_margin=\u00bb|||\u00bb custom_padding=\u00bb0|0px|0px|0px|false|false\u00bb make_fullwidth=\u00bbon\u00bb][et_pb_column type=\u00bb4_4&#8243; _builder_version=\u00bb3.25&#8243; custom_padding=\u00bb|||\u00bb custom_padding__hover=\u00bb|||\u00bb][et_pb_text _builder_version=\u00bb3.27.4&#8243; text_font=\u00bb||||||||\u00bb header_font=\u00bb||||||||\u00bb header_line_height=\u00bb0.7em\u00bb header_2_font=\u00bbTeko|500||on|||||\u00bb header_2_text_color=\u00bb#ffffff\u00bb header_2_font_size=\u00bb9vw\u00bb header_2_line_height=\u00bb1.2em\u00bb text_orientation=\u00bbcenter\u00bb animation_style=\u00bbzoom\u00bb animation_delay=\u00bb100ms\u00bb animation_intensity_zoom=\u00bb20%\u00bb header_line_height_tablet=\u00bb\u00bb header_line_height_phone=\u00bb1.2em\u00bb header_line_height_last_edited=\u00bbon|phone\u00bb]<\/p>\n<h2>lions-quest<\/h2>\n<p>[\/et_pb_text][\/et_pb_column][\/et_pb_row][\/et_pb_section]<\/p>\n","protected":false},"excerpt":{"rendered":"<p>PROGRAMA LEONES EDUCANDO \u201cUna instituci\u00f3n educativa comprometida con el crecimiento y desarrollo de todos\u201d Acerca de Leones Educando Es un programa de habilidades para la vida de la Fundaci\u00f3n Lions Clubs International (LCIF), que est\u00e1 inmersa en el curr\u00edculo de la clase y s\u00e9 integra en los cursos existentes o se ense\u00f1a en la misma [&hellip;]<\/p>\n","protected":false},"author":1,"featured_media":0,"parent":0,"menu_order":0,"comment_status":"closed","ping_status":"closed","template":"","meta":{"_et_pb_use_builder":"on","_et_pb_old_content":"","_et_gb_content_width":"","footnotes":""},"class_list":["post-1437","page","type-page","status-publish","hentry"],"_links":{"self":[{"href":"https:\/\/caldasarauca.edu.co\/index.php\/wp-json\/wp\/v2\/pages\/1437","targetHints":{"allow":["GET"]}}],"collection":[{"href":"https:\/\/caldasarauca.edu.co\/index.php\/wp-json\/wp\/v2\/pages"}],"about":[{"href":"https:\/\/caldasarauca.edu.co\/index.php\/wp-json\/wp\/v2\/types\/page"}],"author":[{"embeddable":true,"href":"https:\/\/caldasarauca.edu.co\/index.php\/wp-json\/wp\/v2\/users\/1"}],"replies":[{"embeddable":true,"href":"https:\/\/caldasarauca.edu.co\/index.php\/wp-json\/wp\/v2\/comments?post=1437"}],"version-history":[{"count":28,"href":"https:\/\/caldasarauca.edu.co\/index.php\/wp-json\/wp\/v2\/pages\/1437\/revisions"}],"predecessor-version":[{"id":1497,"href":"https:\/\/caldasarauca.edu.co\/index.php\/wp-json\/wp\/v2\/pages\/1437\/revisions\/1497"}],"wp:attachment":[{"href":"https:\/\/caldasarauca.edu.co\/index.php\/wp-json\/wp\/v2\/media?parent=1437"}],"curies":[{"name":"wp","href":"https:\/\/api.w.org\/{rel}","templated":true}]}}