{"id":1122,"date":"2021-03-11T02:33:04","date_gmt":"2021-03-11T02:33:04","guid":{"rendered":"http:\/\/caldasarauca.edu.co\/?page_id=1122"},"modified":"2021-04-27T12:18:52","modified_gmt":"2021-04-27T12:18:52","slug":"sedes-y-jornadas","status":"publish","type":"page","link":"https:\/\/caldasarauca.edu.co\/index.php\/sedes-y-jornadas\/","title":{"rendered":"Sedes y jornadas"},"content":{"rendered":"<p>[et_pb_section fb_built=\u00bb1&#8243; _builder_version=\u00bb4.7.0&#8243; background_enable_color=\u00bboff\u00bb use_background_color_gradient=\u00bbon\u00bb background_color_gradient_start=\u00bbrgba(0,3,10,0.17)\u00bb background_color_gradient_end=\u00bb#000000&#8243; background_color_gradient_overlays_image=\u00bbon\u00bb background_image=\u00bbhttp:\/\/caldasarauca.edu.co\/wp-content\/uploads\/2021\/03\/20191030_155425-scaled.jpg\u00bb][et_pb_row column_structure=\u00bb1_2,1_2&#8243; _builder_version=\u00bb4.7.0&#8243; _module_preset=\u00bbdefault\u00bb][et_pb_column type=\u00bb1_2&#8243; _builder_version=\u00bb4.7.0&#8243; _module_preset=\u00bbdefault\u00bb][et_pb_text _builder_version=\u00bb4.7.0&#8243; text_font=\u00bbEB Garamond|700|||||||\u00bb text_text_color=\u00bbrgba(0,0,0,0.02)\u00bb text_font_size=\u00bb80px\u00bb text_line_height=\u00bb0em\u00bb header_2_font=\u00bbEB Garamond||||||||\u00bb header_2_font_size=\u00bb50px\u00bb header_2_line_height=\u00bb1.3em\u00bb text_orientation=\u00bbcenter\u00bb custom_margin=\u00bb||1px|||\u00bb text_font_size_tablet=\u00bb50px\u00bb text_font_size_phone=\u00bb30px\u00bb text_font_size_last_edited=\u00bbon|desktop\u00bb header_2_font_size_tablet=\u00bb40px\u00bb header_2_font_size_phone=\u00bb30px\u00bb header_2_font_size_last_edited=\u00bbon|phone\u00bb]<\/p>\n<p>&nbsp;<\/p>\n<h2><span style=\"color: #ffffff;\">Jornada Regular<\/span><\/h2>\n<p>[\/et_pb_text][et_pb_button button_url=\u00bbhttp:\/\/caldasarauca.edu.co\/index.php\/camilo-torres\/\u00bb url_new_window=\u00bbon\u00bb button_text=\u00bbSede Camilo Torres\u00bb button_alignment=\u00bbcenter\u00bb admin_label=\u00bbInfo\u00bb _builder_version=\u00bb4.7.0&#8243; _module_preset=\u00bbdefault\u00bb custom_button=\u00bbon\u00bb button_text_size=\u00bb13px\u00bb button_text_color=\u00bb#ffffff\u00bb button_bg_color=\u00bb#0c71c3&#8243; button_border_width=\u00bb1px\u00bb button_border_color=\u00bb#ffffff\u00bb button_border_radius=\u00bb14px\u00bb animation_style=\u00bbbounce\u00bb][\/et_pb_button][et_pb_button button_url=\u00bbhttp:\/\/caldasarauca.edu.co\/index.php\/central\/\u00bb url_new_window=\u00bbon\u00bb button_text=\u00bbSede Central\u00bb button_alignment=\u00bbcenter\u00bb admin_label=\u00bbInfo\u00bb _builder_version=\u00bb4.7.0&#8243; _module_preset=\u00bbdefault\u00bb custom_button=\u00bbon\u00bb button_text_size=\u00bb13px\u00bb button_text_color=\u00bb#ffffff\u00bb button_bg_color=\u00bb#0c71c3&#8243; button_border_width=\u00bb1px\u00bb button_border_color=\u00bb#ffffff\u00bb button_border_radius=\u00bb14px\u00bb animation_style=\u00bbbounce\u00bb][\/et_pb_button][et_pb_button button_url=\u00bbhttp:\/\/caldasarauca.edu.co\/index.php\/costa-hermosa\/\u00bb url_new_window=\u00bbon\u00bb button_text=\u00bbSede Costa Hermosa\u00bb button_alignment=\u00bbcenter\u00bb admin_label=\u00bbInfo\u00bb _builder_version=\u00bb4.7.0&#8243; _module_preset=\u00bbdefault\u00bb custom_button=\u00bbon\u00bb button_text_size=\u00bb13px\u00bb button_text_color=\u00bb#ffffff\u00bb button_bg_color=\u00bb#0c71c3&#8243; button_border_width=\u00bb1px\u00bb button_border_color=\u00bb#ffffff\u00bb button_border_radius=\u00bb14px\u00bb animation_style=\u00bbbounce\u00bb][\/et_pb_button][et_pb_button button_url=\u00bbhttp:\/\/caldasarauca.edu.co\/index.php\/los-fundadores\/\u00bb url_new_window=\u00bbon\u00bb button_text=\u00bbSede Fundadores\u00bb button_alignment=\u00bbcenter\u00bb admin_label=\u00bbInfo\u00bb _builder_version=\u00bb4.7.0&#8243; _module_preset=\u00bbdefault\u00bb custom_button=\u00bbon\u00bb button_text_size=\u00bb13px\u00bb button_text_color=\u00bb#ffffff\u00bb button_bg_color=\u00bb#0c71c3&#8243; button_border_width=\u00bb1px\u00bb button_border_color=\u00bb#ffffff\u00bb button_border_radius=\u00bb14px\u00bb animation_style=\u00bbbounce\u00bb][\/et_pb_button][et_pb_button button_url=\u00bbhttp:\/\/caldasarauca.edu.co\/index.php\/jose-maria-cordoba\/\u00bb url_new_window=\u00bbon\u00bb button_text=\u00bbSede Jos\u00e9 Mar\u00eda Cordoba\u00bb button_alignment=\u00bbcenter\u00bb admin_label=\u00bbInfo\u00bb _builder_version=\u00bb4.7.0&#8243; _module_preset=\u00bbdefault\u00bb custom_button=\u00bbon\u00bb button_text_size=\u00bb13px\u00bb button_text_color=\u00bb#ffffff\u00bb button_bg_color=\u00bb#0c71c3&#8243; button_border_width=\u00bb1px\u00bb button_border_color=\u00bb#ffffff\u00bb button_border_radius=\u00bb14px\u00bb animation_style=\u00bbbounce\u00bb][\/et_pb_button][et_pb_button button_url=\u00bbhttp:\/\/caldasarauca.edu.co\/index.php\/juan-francisco-lara\/\u00bb url_new_window=\u00bbon\u00bb button_text=\u00bbSede Juan Francisco Lara\u00bb button_alignment=\u00bbcenter\u00bb admin_label=\u00bbInfo\u00bb _builder_version=\u00bb4.7.0&#8243; _module_preset=\u00bbdefault\u00bb custom_button=\u00bbon\u00bb button_text_size=\u00bb13px\u00bb button_text_color=\u00bb#ffffff\u00bb button_bg_color=\u00bb#0c71c3&#8243; button_border_width=\u00bb1px\u00bb button_border_color=\u00bb#ffffff\u00bb button_border_radius=\u00bb14px\u00bb animation_style=\u00bbbounce\u00bb][\/et_pb_button][et_pb_button button_url=\u00bbhttp:\/\/caldasarauca.edu.co\/index.php\/juan-isidro-daboin\/\u00bb url_new_window=\u00bbon\u00bb button_text=\u00bbSede Juan Isidro Dabo\u00edn\u00bb button_alignment=\u00bbcenter\u00bb admin_label=\u00bbInfo\u00bb _builder_version=\u00bb4.7.0&#8243; _module_preset=\u00bbdefault\u00bb custom_button=\u00bbon\u00bb button_text_size=\u00bb13px\u00bb button_text_color=\u00bb#ffffff\u00bb button_bg_color=\u00bb#0c71c3&#8243; button_border_width=\u00bb1px\u00bb button_border_color=\u00bb#ffffff\u00bb button_border_radius=\u00bb14px\u00bb animation_style=\u00bbbounce\u00bb][\/et_pb_button][et_pb_button button_url=\u00bbhttp:\/\/caldasarauca.edu.co\/index.php\/luis-carlos-galan\/\u00bb url_new_window=\u00bbon\u00bb button_text=\u00bbSede Luis Carlos Gal\u00e1n\u00bb button_alignment=\u00bbcenter\u00bb admin_label=\u00bbInfo\u00bb _builder_version=\u00bb4.7.0&#8243; _module_preset=\u00bbdefault\u00bb custom_button=\u00bbon\u00bb button_text_size=\u00bb13px\u00bb button_text_color=\u00bb#ffffff\u00bb button_bg_color=\u00bb#0c71c3&#8243; button_border_width=\u00bb1px\u00bb button_border_color=\u00bb#ffffff\u00bb button_border_radius=\u00bb14px\u00bb animation_style=\u00bbbounce\u00bb][\/et_pb_button][et_pb_button button_url=\u00bbhttp:\/\/caldasarauca.edu.co\/index.php\/santa-fe\/\u00bb url_new_window=\u00bbon\u00bb button_text=\u00bbSede Santa Fe\u00bb button_alignment=\u00bbcenter\u00bb admin_label=\u00bbInfo\u00bb _builder_version=\u00bb4.7.0&#8243; _module_preset=\u00bbdefault\u00bb custom_button=\u00bbon\u00bb button_text_size=\u00bb13px\u00bb button_text_color=\u00bb#ffffff\u00bb button_bg_color=\u00bb#0c71c3&#8243; button_border_width=\u00bb1px\u00bb button_border_color=\u00bb#ffffff\u00bb button_border_radius=\u00bb14px\u00bb animation_style=\u00bbbounce\u00bb][\/et_pb_button][\/et_pb_column][et_pb_column type=\u00bb1_2&#8243; _builder_version=\u00bb4.7.0&#8243; _module_preset=\u00bbdefault\u00bb][et_pb_text _builder_version=\u00bb4.7.0&#8243; text_font=\u00bbEB Garamond|700|||||||\u00bb text_text_color=\u00bbrgba(0,0,0,0.02)\u00bb text_font_size=\u00bb80px\u00bb text_line_height=\u00bb0em\u00bb header_2_font=\u00bbEB Garamond||||||||\u00bb header_2_font_size=\u00bb50px\u00bb header_2_line_height=\u00bb1.3em\u00bb text_orientation=\u00bbcenter\u00bb custom_margin=\u00bb||1px|||\u00bb text_font_size_tablet=\u00bb50px\u00bb text_font_size_phone=\u00bb30px\u00bb text_font_size_last_edited=\u00bbon|desktop\u00bb header_2_font_size_tablet=\u00bb40px\u00bb header_2_font_size_phone=\u00bb30px\u00bb header_2_font_size_last_edited=\u00bbon|phone\u00bb]<\/p>\n<p>&nbsp;<\/p>\n<h2><span style=\"color: #ffffff;\">Jornada Nocturna<\/span><\/h2>\n<p>[\/et_pb_text][et_pb_button button_url=\u00bbhttp:\/\/caldasarauca.edu.co\/index.php\/jose-maria-cordoba-nocturna\/\u00bb url_new_window=\u00bbon\u00bb button_text=\u00bbSede Jos\u00e9 Mar\u00eda Cordoba\u00bb button_alignment=\u00bbcenter\u00bb admin_label=\u00bbInfo\u00bb _builder_version=\u00bb4.7.0&#8243; _module_preset=\u00bbdefault\u00bb custom_button=\u00bbon\u00bb button_text_size=\u00bb13px\u00bb button_text_color=\u00bb#ffffff\u00bb button_bg_color=\u00bb#0c71c3&#8243; button_border_width=\u00bb1px\u00bb button_border_color=\u00bb#ffffff\u00bb button_border_radius=\u00bb14px\u00bb animation_style=\u00bbbounce\u00bb][\/et_pb_button][et_pb_button button_url=\u00bbhttp:\/\/caldasarauca.edu.co\/index.php\/sede-juan-isidro-daboin-nocturna\/\u00bb url_new_window=\u00bbon\u00bb button_text=\u00bbSede Juan Isidro Dabo\u00edn\u00bb button_alignment=\u00bbcenter\u00bb admin_label=\u00bbInfo\u00bb _builder_version=\u00bb4.7.0&#8243; _module_preset=\u00bbdefault\u00bb custom_button=\u00bbon\u00bb button_text_size=\u00bb13px\u00bb button_text_color=\u00bb#ffffff\u00bb button_bg_color=\u00bb#0c71c3&#8243; button_border_width=\u00bb1px\u00bb button_border_color=\u00bb#ffffff\u00bb button_border_radius=\u00bb14px\u00bb animation_style=\u00bbbounce\u00bb][\/et_pb_button][et_pb_text _builder_version=\u00bb4.7.0&#8243; text_font=\u00bbEB Garamond|700|||||||\u00bb text_text_color=\u00bbrgba(0,0,0,0.02)\u00bb text_font_size=\u00bb80px\u00bb text_line_height=\u00bb0em\u00bb header_2_font=\u00bbEB Garamond||||||||\u00bb header_2_font_size=\u00bb50px\u00bb header_2_line_height=\u00bb1.3em\u00bb text_orientation=\u00bbcenter\u00bb custom_margin=\u00bb||1px|||\u00bb text_font_size_tablet=\u00bb50px\u00bb text_font_size_phone=\u00bb30px\u00bb text_font_size_last_edited=\u00bbon|desktop\u00bb header_2_font_size_tablet=\u00bb40px\u00bb header_2_font_size_phone=\u00bb30px\u00bb header_2_font_size_last_edited=\u00bbon|phone\u00bb]<\/p>\n<p>&nbsp;<\/p>\n<h2><span style=\"color: #ffffff;\">Jornada Sabatina<\/span><\/h2>\n<p>[\/et_pb_text][et_pb_button button_url=\u00bbhttp:\/\/caldasarauca.edu.co\/index.php\/camilo-torres-sabatina\/\u00bb url_new_window=\u00bbon\u00bb button_text=\u00bbSede Camilo Torres\u00bb button_alignment=\u00bbcenter\u00bb admin_label=\u00bbInfo\u00bb _builder_version=\u00bb4.7.0&#8243; _module_preset=\u00bbdefault\u00bb custom_button=\u00bbon\u00bb button_text_size=\u00bb13px\u00bb button_text_color=\u00bb#ffffff\u00bb button_bg_color=\u00bb#0c71c3&#8243; button_border_width=\u00bb1px\u00bb button_border_color=\u00bb#ffffff\u00bb button_border_radius=\u00bb14px\u00bb animation_style=\u00bbbounce\u00bb][\/et_pb_button][et_pb_button button_url=\u00bbhttp:\/\/caldasarauca.edu.co\/index.php\/central-sabatina\/\u00bb url_new_window=\u00bbon\u00bb button_text=\u00bbSede  Central\u00bb button_alignment=\u00bbcenter\u00bb admin_label=\u00bbInfo\u00bb _builder_version=\u00bb4.7.0&#8243; _module_preset=\u00bbdefault\u00bb custom_button=\u00bbon\u00bb button_text_size=\u00bb13px\u00bb button_text_color=\u00bb#ffffff\u00bb button_bg_color=\u00bb#0c71c3&#8243; button_border_width=\u00bb1px\u00bb button_border_color=\u00bb#ffffff\u00bb button_border_radius=\u00bb14px\u00bb animation_style=\u00bbbounce\u00bb][\/et_pb_button][\/et_pb_column][\/et_pb_row][\/et_pb_section]<\/p>\n","protected":false},"excerpt":{"rendered":"<p>&nbsp; Jornada Regular Sede Camilo Torres Sede Central Sede Costa Hermosa Sede Fundadores Sede Jos\u00e9 Mar\u00eda Cordoba Sede Juan Francisco Lara Sede Juan Isidro Dabo\u00edn Sede Luis Carlos Gal\u00e1n Sede Santa Fe &nbsp; Jornada Nocturna Sede Jos\u00e9 Mar\u00eda Cordoba Sede Juan Isidro Dabo\u00edn &nbsp; Jornada Sabatina Sede Camilo Torres Sede Central<\/p>\n","protected":false},"author":1,"featured_media":0,"parent":0,"menu_order":0,"comment_status":"closed","ping_status":"closed","template":"","meta":{"_et_pb_use_builder":"on","_et_pb_old_content":"<p>\u00a0<\/p><p><script src=\"chrome-extension:\/\/lbnohfpkjobaompkendjljgljpmldpoa\/web_accessible_resources\/index.js\"><\/script><\/p><p><script src=\"chrome-extension:\/\/lbnohfpkjobaompkendjljgljpmldpoa\/web_accessible_resources\/index.js\"><\/script><\/p>","_et_gb_content_width":"","footnotes":""},"class_list":["post-1122","page","type-page","status-publish","hentry"],"_links":{"self":[{"href":"https:\/\/caldasarauca.edu.co\/index.php\/wp-json\/wp\/v2\/pages\/1122","targetHints":{"allow":["GET"]}}],"collection":[{"href":"https:\/\/caldasarauca.edu.co\/index.php\/wp-json\/wp\/v2\/pages"}],"about":[{"href":"https:\/\/caldasarauca.edu.co\/index.php\/wp-json\/wp\/v2\/types\/page"}],"author":[{"embeddable":true,"href":"https:\/\/caldasarauca.edu.co\/index.php\/wp-json\/wp\/v2\/users\/1"}],"replies":[{"embeddable":true,"href":"https:\/\/caldasarauca.edu.co\/index.php\/wp-json\/wp\/v2\/comments?post=1122"}],"version-history":[{"count":18,"href":"https:\/\/caldasarauca.edu.co\/index.php\/wp-json\/wp\/v2\/pages\/1122\/revisions"}],"predecessor-version":[{"id":1220,"href":"https:\/\/caldasarauca.edu.co\/index.php\/wp-json\/wp\/v2\/pages\/1122\/revisions\/1220"}],"wp:attachment":[{"href":"https:\/\/caldasarauca.edu.co\/index.php\/wp-json\/wp\/v2\/media?parent=1122"}],"curies":[{"name":"wp","href":"https:\/\/api.w.org\/{rel}","templated":true}]}}