{"id":11,"date":"2020-09-11T03:42:21","date_gmt":"2020-09-11T03:42:21","guid":{"rendered":"http:\/\/caldasarauca.edu.co\/?page_id=11"},"modified":"2025-03-02T01:26:08","modified_gmt":"2025-03-02T01:26:08","slug":"inicio","status":"publish","type":"page","link":"https:\/\/caldasarauca.edu.co\/","title":{"rendered":"Inicio"},"content":{"rendered":"<p>[et_pb_section fb_built=\u00bb1&#8243; custom_padding_last_edited=\u00bbon|desktop\u00bb admin_label=\u00bbHeader\u00bb _builder_version=\u00bb4.7.0&#8243; background_color_gradient_direction=\u00bb174deg\u00bb background_enable_image=\u00bboff\u00bb background_position=\u00bbtop_right\u00bb module_alignment=\u00bbcenter\u00bb custom_padding=\u00bb12px||0px||false|false\u00bb custom_padding_tablet=\u00bb140px|0px|50px|0px|false|false\u00bb custom_padding_phone=\u00bb0px|0px|50px|0px|false|false\u00bb][et_pb_row column_structure=\u00bb1_2,1_2&#8243; _builder_version=\u00bb4.7.0&#8243; _module_preset=\u00bbdefault\u00bb width=\u00bbauto\u00bb max_width=\u00bbnone\u00bb custom_margin=\u00bb|auto|-1px|auto||\u00bb custom_padding=\u00bb9px||29px|||\u00bb][et_pb_column type=\u00bb1_2&#8243; _builder_version=\u00bb4.7.0&#8243; _module_preset=\u00bbdefault\u00bb][et_pb_gallery gallery_ids=\u00bb1951,1953,1956,1957,1958,1960,1954,1959,1961,1964,1965,1990,1988,1987&#8243; gallery_orderby=\u00bbrand\u00bb fullwidth=\u00bbon\u00bb _builder_version=\u00bb4.9.10&#8243; _module_preset=\u00bbdefault\u00bb max_width=\u00bb80%\u00bb module_alignment=\u00bbcenter\u00bb animation_style=\u00bbbounce\u00bb animation_direction=\u00bbright\u00bb animation_duration=\u00bb1350ms\u00bb animation_delay=\u00bb250ms\u00bb animation_starting_opacity=\u00bb18%\u00bb auto=\u00bbon\u00bb hover_enabled=\u00bb0&#8243; border_radii=\u00bbon|20px|20px|20px|20px\u00bb sticky_enabled=\u00bb0&#8243;][\/et_pb_gallery][\/et_pb_column][et_pb_column type=\u00bb1_2&#8243; _builder_version=\u00bb4.7.0&#8243; _module_preset=\u00bbdefault\u00bb][et_pb_text _builder_version=\u00bb4.7.0&#8243; text_font=\u00bb||||||||\u00bb text_font_size=\u00bb15px\u00bb text_line_height=\u00bb2em\u00bb header_font=\u00bb||||||||\u00bb header_2_font=\u00bb||||||||\u00bb header_3_font=\u00bbEB Garamond||||||||\u00bb header_3_font_size=\u00bb30px\u00bb header_3_line_height=\u00bb1.4em\u00bb header_4_font=\u00bb|700||on|||||\u00bb header_4_text_color=\u00bb#ffdaa4&#8243; header_4_font_size=\u00bb12px\u00bb header_4_letter_spacing=\u00bb2px\u00bb header_4_line_height=\u00bb2em\u00bb min_height=\u00bb267px\u00bb custom_padding=\u00bb|23px||18px||\u00bb text_line_height_tablet=\u00bb\u00bb text_line_height_phone=\u00bb1.6em\u00bb text_line_height_last_edited=\u00bbon|phone\u00bb header_3_font_size_phone=\u00bb30px\u00bb header_3_font_size_last_edited=\u00bboff|desktop\u00bb locked=\u00bboff\u00bb]<\/p>\n<p style=\"text-align: center;\" _mstvisible=\"4\"><strong style=\"font-size: x-large; color: #333333;\" _msthash=\"341341\" _msttexthash=\"350584\" _mstvisible=\"5\">INSTITUCI\u00d3N EDUCATIVA<\/strong><\/p>\n<h2 style=\"text-align: center;\" _mstvisible=\"4\"><strong _msthash=\"356096\" _msttexthash=\"369187\" _mstvisible=\"6\">FRANCISCO JOS\u00c9 DE CALDAS<\/strong><\/h2>\n<p _mstvisible=\"4\"><strong _mstvisible=\"6\"><\/strong><\/p>\n<p _mstvisible=\"4\"><strong _mstvisible=\"6\"><\/strong><\/p>\n<p _mstvisible=\"4\" style=\"text-align: justify;\"><em style=\"text-align: justify; color: #666666; font-family: 'Open Sans', Arial, sans-serif;\" _mstmutation=\"1\" _mstvisible=\"7\">Creada por Decretos 397<\/em><em style=\"text-align: justify; color: #666666; font-family: 'Open Sans', Arial, sans-serif;\" _mstmutation=\"1\" _mstvisible=\"7\"> del 30 de octubre de 2002 y 309 del 21 de mayo de 2011.&nbsp;<\/em><\/p>\n<p _mstvisible=\"4\" style=\"text-align: justify;\"><em style=\"text-align: justify; color: #666666; font-family: 'Open Sans', Arial, sans-serif;\" _msthash=\"342966\" _msttexthash=\"5040217\" _mstvisible=\"6\">Resoluci\u00f3n de habilitaci\u00f3n para la prestaci\u00f3n del Servicio Educativo 2798 del 3 de octubre de 2023.<\/em><em style=\"text-align: justify; color: #666666; font-family: 'Open Sans', Arial, sans-serif;\" _mstvisible=\"6\">&nbsp; <\/em><\/p>\n<p _mstvisible=\"4\" style=\"text-align: justify;\"><em style=\"text-align: justify; color: #666666; font-family: 'Open Sans', Arial, sans-serif;\" _mstvisible=\"6\">NIT<\/em><em style=\"text-align: justify; color: #666666; font-family: 'Open Sans', Arial, sans-serif;\" _mstvisible=\"6\">: 800-062- 427-9 \/ DANE: 18100-1000599 \/ ICFES: 117531 (J. DIURNA)- 019133 (J. NOCTURNA) 109124 (J. SABATINA).<\/em><\/p>\n<p>[\/et_pb_text][\/et_pb_column][\/et_pb_row][\/et_pb_section][et_pb_section fb_built=\u00bb1&#8243; _builder_version=\u00bb4.7.0&#8243; _module_preset=\u00bbdefault\u00bb custom_padding=\u00bb7px||6px|||\u00bb][et_pb_row column_structure=\u00bb1_2,1_2&#8243; _builder_version=\u00bb4.7.0&#8243; _module_preset=\u00bbdefault\u00bb custom_margin=\u00bb|auto|-4px|auto||\u00bb custom_padding=\u00bb21px||35px|||\u00bb][et_pb_column type=\u00bb1_2&#8243; _builder_version=\u00bb4.7.0&#8243; _module_preset=\u00bbdefault\u00bb][et_pb_image src=\u00bbhttp:\/\/caldasarauca.edu.co\/wp-content\/uploads\/2021\/01\/Gsuite-scaled.jpg\u00bb title_text=\u00bbGsuite\u00bb url=\u00bbhttp:\/\/Www.gmail.com\u00bb url_new_window=\u00bbon\u00bb align=\u00bbcenter\u00bb _builder_version=\u00bb4.7.0&#8243; _module_preset=\u00bbdefault\u00bb width=\u00bb70%\u00bb][\/et_pb_image][\/et_pb_column][et_pb_column type=\u00bb1_2&#8243; _builder_version=\u00bb4.7.0&#8243; _module_preset=\u00bbdefault\u00bb][et_pb_image src=\u00bbhttp:\/\/caldasarauca.edu.co\/wp-content\/uploads\/2021\/01\/SISGA-scaled.jpg\u00bb title_text=\u00bbSISGA\u00bb url=\u00bbhttps:\/\/www.sisga.com.co\/Saga\/Autenticacion\u00bb url_new_window=\u00bbon\u00bb align=\u00bbcenter\u00bb _builder_version=\u00bb4.7.0&#8243; _module_preset=\u00bbdefault\u00bb width=\u00bb70%\u00bb][\/et_pb_image][\/et_pb_column][\/et_pb_row][\/et_pb_section]<\/p>\n","protected":false},"excerpt":{"rendered":"<p>INSTITUCI\u00d3N EDUCATIVA FRANCISCO JOS\u00c9 DE CALDAS Creada por Decretos 397 del 30 de octubre de 2002 y 309 del 21 de mayo de 2011.&nbsp; Resoluci\u00f3n de habilitaci\u00f3n para la prestaci\u00f3n del Servicio Educativo 2798 del 3 de octubre de 2023.&nbsp; NIT: 800-062- 427-9 \/ DANE: 18100-1000599 \/ ICFES: 117531 (J. DIURNA)- 019133 (J. NOCTURNA) 109124 [&hellip;]<\/p>\n","protected":false},"author":1,"featured_media":0,"parent":0,"menu_order":0,"comment_status":"closed","ping_status":"closed","template":"","meta":{"_et_pb_use_builder":"on","_et_pb_old_content":"","_et_gb_content_width":"","footnotes":""},"class_list":["post-11","page","type-page","status-publish","hentry"],"_links":{"self":[{"href":"https:\/\/caldasarauca.edu.co\/index.php\/wp-json\/wp\/v2\/pages\/11","targetHints":{"allow":["GET"]}}],"collection":[{"href":"https:\/\/caldasarauca.edu.co\/index.php\/wp-json\/wp\/v2\/pages"}],"about":[{"href":"https:\/\/caldasarauca.edu.co\/index.php\/wp-json\/wp\/v2\/types\/page"}],"author":[{"embeddable":true,"href":"https:\/\/caldasarauca.edu.co\/index.php\/wp-json\/wp\/v2\/users\/1"}],"replies":[{"embeddable":true,"href":"https:\/\/caldasarauca.edu.co\/index.php\/wp-json\/wp\/v2\/comments?post=11"}],"version-history":[{"count":81,"href":"https:\/\/caldasarauca.edu.co\/index.php\/wp-json\/wp\/v2\/pages\/11\/revisions"}],"predecessor-version":[{"id":1994,"href":"https:\/\/caldasarauca.edu.co\/index.php\/wp-json\/wp\/v2\/pages\/11\/revisions\/1994"}],"wp:attachment":[{"href":"https:\/\/caldasarauca.edu.co\/index.php\/wp-json\/wp\/v2\/media?parent=11"}],"curies":[{"name":"wp","href":"https:\/\/api.w.org\/{rel}","templated":true}]}}